{"id":10211,"date":"2025-04-10T11:41:26","date_gmt":"2025-04-10T18:41:26","guid":{"rendered":"https:\/\/msdlawyers.com\/videos\/detox-rehab-facilities-deaths\/"},"modified":"2026-01-29T08:00:18","modified_gmt":"2026-01-29T16:00:18","slug":"detox-rehab-facilities-deaths","status":"publish","type":"page","link":"https:\/\/msdlawyers.com\/es\/videos\/detox-rehab-facilities-deaths\/","title":{"rendered":"Muertes en centros de desintoxicaci\u00f3n\/rehabilitaci\u00f3n"},"content":{"rendered":"\t\t<div data-elementor-type=\"wp-page\" data-elementor-id=\"10211\" class=\"elementor elementor-10211 elementor-10065\" data-elementor-post-type=\"page\">\n\t\t\t\t<div class=\"elementor-element elementor-element-7adaa18 e-con-full e-flex e-con e-parent\" data-id=\"7adaa18\" data-element_type=\"container\" data-settings=\"{&quot;background_background&quot;:&quot;classic&quot;}\">\n\t\t<div class=\"elementor-element elementor-element-c81b240 e-con-full e-flex e-con e-child\" data-id=\"c81b240\" data-element_type=\"container\" data-settings=\"{&quot;background_background&quot;:&quot;classic&quot;}\">\n\t\t\t\t<div class=\"elementor-element elementor-element-bc58be1 elementor-widget elementor-widget-heading\" data-id=\"bc58be1\" data-element_type=\"widget\" data-widget_type=\"heading.default\">\n\t\t\t\t<div class=\"elementor-widget-container\">\n\t\t\t\t\t<h1 class=\"elementor-heading-title elementor-size-default\">V\u00eddeos de muertes en centros de desintoxicaci\u00f3n y rehabilitaci\u00f3n<\/h1>\t\t\t\t<\/div>\n\t\t\t\t<\/div>\n\t\t\t\t<div class=\"elementor-element elementor-element-6c2a6a3 elementor-icon-list--layout-inline elementor-align-center elementor-list-item-link-full_width elementor-widget elementor-widget-icon-list\" data-id=\"6c2a6a3\" data-element_type=\"widget\" data-widget_type=\"icon-list.default\">\n\t\t\t\t<div class=\"elementor-widget-container\">\n\t\t\t\t\t\t\t<ul class=\"elementor-icon-list-items elementor-inline-items\">\n\t\t\t\t\t\t\t<li class=\"elementor-icon-list-item elementor-inline-item\">\n\t\t\t\t\t\t\t\t\t\t\t<a href=\"https:\/\/msdlawyers.com\/es\/videos\/detox-rehab-facilities-deaths\/\">\n\n\t\t\t\t\t\t\t\t\t\t\t<span class=\"elementor-icon-list-text\">In\u00edcio<\/span>\n\t\t\t\t\t\t\t\t\t\t\t<\/a>\n\t\t\t\t\t\t\t\t\t<\/li>\n\t\t\t\t\t\t\t\t<li class=\"elementor-icon-list-item elementor-inline-item\">\n\t\t\t\t\t\t\t\t\t\t\t<a href=\"https:\/\/msdlawyers.com\/es\/videos\/\">\n\n\t\t\t\t\t\t\t\t\t\t\t\t<span class=\"elementor-icon-list-icon\">\n\t\t\t\t\t\t\t<svg xmlns=\"http:\/\/www.w3.org\/2000\/svg\" xmlns:xlink=\"http:\/\/www.w3.org\/1999\/xlink\" width=\"800px\" height=\"800px\" viewBox=\"0 -6.5 36 36\" fill=\"#000000\" stroke=\"#000000\"><g id=\"SVGRepo_bgCarrier\" stroke-width=\"0\"><\/g><g id=\"SVGRepo_tracerCarrier\" stroke-linecap=\"round\" stroke-linejoin=\"round\"><\/g><g id=\"SVGRepo_iconCarrier\"><title>right-arrow<\/title><desc>Created with Sketch.<\/desc><g id=\"icons\" stroke=\"none\" stroke-width=\"1\" fill=\"none\" fill-rule=\"evenodd\"><g id=\"ui-gambling-website-lined-icnos-casinoshunter\" transform=\"translate(-212.000000, -159.000000)\" fill=\"#ffffff\" fill-rule=\"nonzero\"><g id=\"square-filled\" transform=\"translate(50.000000, 120.000000)\"><path d=\"M187.108012,39.2902857 L197.649804,49.7417043 L197.708994,49.7959169 C197.889141,49.9745543 197.986143,50.2044182 198,50.4382227 L198,50.5617773 C197.986143,50.7955818 197.889141,51.0254457 197.708994,51.2040831 L197.6571,51.2479803 L187.108012,61.7097143 C186.717694,62.0967619 186.084865,62.0967619 185.694547,61.7097143 C185.30423,61.3226668 185.30423,60.6951387 185.694547,60.3080911 L194.702666,51.3738496 L162.99947,51.3746291 C162.447478,51.3746291 162,50.9308997 162,50.3835318 C162,49.8361639 162.447478,49.3924345 162.99947,49.3924345 L194.46779,49.3916551 L185.694547,40.6919089 C185.30423,40.3048613 185.30423,39.6773332 185.694547,39.2902857 C186.084865,38.9032381 186.717694,38.9032381 187.108012,39.2902857 Z M197.115357,50.382693 L186.401279,61.0089027 L197.002151,50.5002046 L197.002252,50.4963719 L196.943142,50.442585 L196.882737,50.382693 L197.115357,50.382693 Z\" id=\"right-arrow\"> <\/path><\/g><\/g><\/g><\/g><\/svg>\t\t\t\t\t\t<\/span>\n\t\t\t\t\t\t\t\t\t\t<span class=\"elementor-icon-list-text\">V\u00eddeos<\/span>\n\t\t\t\t\t\t\t\t\t\t\t<\/a>\n\t\t\t\t\t\t\t\t\t<\/li>\n\t\t\t\t\t\t\t\t<li class=\"elementor-icon-list-item elementor-inline-item\">\n\t\t\t\t\t\t\t\t\t\t\t<span class=\"elementor-icon-list-icon\">\n\t\t\t\t\t\t\t<svg xmlns=\"http:\/\/www.w3.org\/2000\/svg\" xmlns:xlink=\"http:\/\/www.w3.org\/1999\/xlink\" width=\"800px\" height=\"800px\" viewBox=\"0 -6.5 36 36\" fill=\"#000000\" stroke=\"#000000\"><g id=\"SVGRepo_bgCarrier\" stroke-width=\"0\"><\/g><g id=\"SVGRepo_tracerCarrier\" stroke-linecap=\"round\" stroke-linejoin=\"round\"><\/g><g id=\"SVGRepo_iconCarrier\"><title>right-arrow<\/title><desc>Created with Sketch.<\/desc><g id=\"icons\" stroke=\"none\" stroke-width=\"1\" fill=\"none\" fill-rule=\"evenodd\"><g id=\"ui-gambling-website-lined-icnos-casinoshunter\" transform=\"translate(-212.000000, -159.000000)\" fill=\"#ffffff\" fill-rule=\"nonzero\"><g id=\"square-filled\" transform=\"translate(50.000000, 120.000000)\"><path d=\"M187.108012,39.2902857 L197.649804,49.7417043 L197.708994,49.7959169 C197.889141,49.9745543 197.986143,50.2044182 198,50.4382227 L198,50.5617773 C197.986143,50.7955818 197.889141,51.0254457 197.708994,51.2040831 L197.6571,51.2479803 L187.108012,61.7097143 C186.717694,62.0967619 186.084865,62.0967619 185.694547,61.7097143 C185.30423,61.3226668 185.30423,60.6951387 185.694547,60.3080911 L194.702666,51.3738496 L162.99947,51.3746291 C162.447478,51.3746291 162,50.9308997 162,50.3835318 C162,49.8361639 162.447478,49.3924345 162.99947,49.3924345 L194.46779,49.3916551 L185.694547,40.6919089 C185.30423,40.3048613 185.30423,39.6773332 185.694547,39.2902857 C186.084865,38.9032381 186.717694,38.9032381 187.108012,39.2902857 Z M197.115357,50.382693 L186.401279,61.0089027 L197.002151,50.5002046 L197.002252,50.4963719 L196.943142,50.442585 L196.882737,50.382693 L197.115357,50.382693 Z\" id=\"right-arrow\"> <\/path><\/g><\/g><\/g><\/g><\/svg>\t\t\t\t\t\t<\/span>\n\t\t\t\t\t\t\t\t\t\t<span class=\"elementor-icon-list-text\">Muertes en centros de desintoxicaci\u00f3n\/rehabilitaci\u00f3n<\/span>\n\t\t\t\t\t\t\t\t\t<\/li>\n\t\t\t\t\t\t<\/ul>\n\t\t\t\t\t\t<\/div>\n\t\t\t\t<\/div>\n\t\t\t\t<\/div>\n\t\t\t\t<\/div>\n\t\t<div class=\"elementor-element elementor-element-bc0df4c e-flex e-con-boxed e-con e-parent\" data-id=\"bc0df4c\" data-element_type=\"container\">\n\t\t\t\t\t<div class=\"e-con-inner\">\n\t\t<div class=\"elementor-element elementor-element-65f3ada e-flex e-con-boxed e-con e-child\" data-id=\"65f3ada\" data-element_type=\"container\">\n\t\t\t\t\t<div class=\"e-con-inner\">\n\t\t\t\t<div class=\"elementor-element elementor-element-5ae4a8b VdoBox uael-video-gallery-title-below_video uael-video-gallery__column-3 uael-video-gallery-tablet__column-2 uael-video-gallery-mobile__column-1 elementor-widget elementor-widget-uael-video-gallery\" data-id=\"5ae4a8b\" data-element_type=\"widget\" data-settings=\"{&quot;column_gap&quot;:{&quot;unit&quot;:&quot;px&quot;,&quot;size&quot;:20,&quot;sizes&quot;:[]},&quot;row_gap&quot;:{&quot;unit&quot;:&quot;px&quot;,&quot;size&quot;:20,&quot;sizes&quot;:[]},&quot;play_icon_size&quot;:{&quot;unit&quot;:&quot;px&quot;,&quot;size&quot;:34,&quot;sizes&quot;:[]},&quot;gallery_columns&quot;:&quot;3&quot;,&quot;gallery_columns_tablet&quot;:&quot;2&quot;,&quot;gallery_columns_mobile&quot;:&quot;1&quot;,&quot;column_gap_tablet&quot;:{&quot;unit&quot;:&quot;px&quot;,&quot;size&quot;:&quot;&quot;,&quot;sizes&quot;:[]},&quot;column_gap_mobile&quot;:{&quot;unit&quot;:&quot;px&quot;,&quot;size&quot;:&quot;&quot;,&quot;sizes&quot;:[]},&quot;row_gap_tablet&quot;:{&quot;unit&quot;:&quot;px&quot;,&quot;size&quot;:&quot;&quot;,&quot;sizes&quot;:[]},&quot;row_gap_mobile&quot;:{&quot;unit&quot;:&quot;px&quot;,&quot;size&quot;:&quot;&quot;,&quot;sizes&quot;:[]},&quot;play_icon_size_tablet&quot;:{&quot;unit&quot;:&quot;px&quot;,&quot;size&quot;:45,&quot;sizes&quot;:[]},&quot;play_icon_size_mobile&quot;:{&quot;unit&quot;:&quot;px&quot;,&quot;size&quot;:35,&quot;sizes&quot;:[]}}\" data-widget_type=\"uael-video-gallery.default\">\n\t\t\t\t<div class=\"elementor-widget-container\">\n\t\t\t\t\t<div class=\"uael-video-gallery-wrap uael-vg__layout-grid uael-vg__action-lightbox uael-aspect-ratio-16_9\" data-action=\"lightbox\" data-layout=\"grid\" data-all-filters=\"filter-youtube filter-vimeo filter-wistia filter-\" >\t\t\t\t<div class=\"uael-video__gallery-item\" id=\"uael-video__gallery-item1\">\n\n\t\t\t\t\t\t\t\t\t\t<div class=\"uael-video__gallery-iframe\" style=\"background-image:url('https:\/\/msdlawyers.com\/wp-content\/uploads\/2025\/04\/detox-1-1.jpg');\">\n\t\t\t\t\t\t<a class=\"elementor-clickable uael-vg__play_full\" href=\"https:\/\/www.youtube.com\/shorts\/KkmM6V-oCrk\" data-fancybox=\"uael-video-gallery-5ae4a8b\">\n\t\t\t\t\t\t\t<div class=\"uael-video__content-wrap\">\n\t\t\t\t\t\t\t\t<div class=\"uael-video__content\">\n\t\t\t\t\t\t\t\t\t\t\t\t\t\t\t\t\t\t<div class=\"uael-vg__play\">\n\t\t\t\t\t\t\t\t\t\t\t\t\t\t\t\t\t\t<span class=\"elementor-animation- uael-vg__play-icon\">\n\t\t\t\t\t\t<i aria-hidden=\"true\" class=\"fas fa-play\"><\/i>\t\t\t\t\t<\/span>\n\t\t\t\t\t\t\t\t\t\t\t\t\t\t\t\t\t\t<\/div>\n\n\t\t\t\t\t\t\t\t\t\n\t\t\t\t\t\t\t\t<\/div>\n\t\t\t\t\t\t\t<\/div>\n\t\t\t\t\t\t<\/a>\n\t\t\t\t\t<\/div>\n\t\t\t\t\t\n\t\t<h4 class=\"uael-video__caption\">What legal protections does your loved one have when going to a detox\/rehab facility?<\/h4>\n\n\t\t\t\t\t\t\t<div class=\"uael-vg__overlay\"><\/div>\n\t\t\t\t\t\t\t\t\t<\/div>\n\t\t\t\t\t\t\t\t<div class=\"uael-video__gallery-item\" id=\"uael-video__gallery-item2\">\n\n\t\t\t\t\t\t\t\t\t\t<div class=\"uael-video__gallery-iframe\" style=\"background-image:url('https:\/\/msdlawyers.com\/wp-content\/uploads\/2025\/04\/detox-2-1.jpg');\">\n\t\t\t\t\t\t<a class=\"elementor-clickable uael-vg__play_full\" href=\"https:\/\/www.youtube.com\/KkmM6V-oCrk\" data-fancybox=\"uael-video-gallery-5ae4a8b\">\n\t\t\t\t\t\t\t<div class=\"uael-video__content-wrap\">\n\t\t\t\t\t\t\t\t<div class=\"uael-video__content\">\n\t\t\t\t\t\t\t\t\t\t\t\t\t\t\t\t\t\t<div class=\"uael-vg__play\">\n\t\t\t\t\t\t\t\t\t\t\t\t\t\t\t\t\t\t<span class=\"elementor-animation- uael-vg__play-icon\">\n\t\t\t\t\t\t<i aria-hidden=\"true\" class=\"fas fa-play\"><\/i>\t\t\t\t\t<\/span>\n\t\t\t\t\t\t\t\t\t\t\t\t\t\t\t\t\t\t<\/div>\n\n\t\t\t\t\t\t\t\t\t\n\t\t\t\t\t\t\t\t<\/div>\n\t\t\t\t\t\t\t<\/div>\n\t\t\t\t\t\t<\/a>\n\t\t\t\t\t<\/div>\n\t\t\t\t\t\n\t\t<h4 class=\"uael-video__caption\"> 3 things you should know if a loved one is in a detox facility!<\/h4>\n\n\t\t\t\t\t\t\t<div class=\"uael-vg__overlay\"><\/div>\n\t\t\t\t\t\t\t\t\t<\/div>\n\t\t\t\t\t\t\t\t<div class=\"uael-video__gallery-item\" id=\"uael-video__gallery-item3\">\n\n\t\t\t\t\t\t\t\t\t\t<div class=\"uael-video__gallery-iframe\" style=\"background-image:url('https:\/\/msdlawyers.com\/wp-content\/uploads\/2025\/04\/detox-3.jpg');\">\n\t\t\t\t\t\t<a class=\"elementor-clickable uael-vg__play_full\" href=\"https:\/\/www.youtube.com\/zOoM3sR277M\" data-fancybox=\"uael-video-gallery-5ae4a8b\">\n\t\t\t\t\t\t\t<div class=\"uael-video__content-wrap\">\n\t\t\t\t\t\t\t\t<div class=\"uael-video__content\">\n\t\t\t\t\t\t\t\t\t\t\t\t\t\t\t\t\t\t<div class=\"uael-vg__play\">\n\t\t\t\t\t\t\t\t\t\t\t\t\t\t\t\t\t\t<span class=\"elementor-animation- uael-vg__play-icon\">\n\t\t\t\t\t\t<i aria-hidden=\"true\" class=\"fas fa-play\"><\/i>\t\t\t\t\t<\/span>\n\t\t\t\t\t\t\t\t\t\t\t\t\t\t\t\t\t\t<\/div>\n\n\t\t\t\t\t\t\t\t\t\n\t\t\t\t\t\t\t\t<\/div>\n\t\t\t\t\t\t\t<\/div>\n\t\t\t\t\t\t<\/a>\n\t\t\t\t\t<\/div>\n\t\t\t\t\t\n\t\t<h4 class=\"uael-video__caption\">When are detox and rehab facilities held liable for patient harm?<\/h4>\n\n\t\t\t\t\t\t\t<div class=\"uael-vg__overlay\"><\/div>\n\t\t\t\t\t\t\t\t\t<\/div>\n\t\t\t\t\t\t\t\t<div class=\"uael-video__gallery-item\" id=\"uael-video__gallery-item4\">\n\n\t\t\t\t\t\t\t\t\t\t<div class=\"uael-video__gallery-iframe\" style=\"background-image:url('https:\/\/msdlawyers.com\/wp-content\/uploads\/2025\/04\/detox-4.jpg');\">\n\t\t\t\t\t\t<a class=\"elementor-clickable uael-vg__play_full\" href=\"https:\/\/www.youtube.com\/coz91RX2EzU\" data-fancybox=\"uael-video-gallery-5ae4a8b\">\n\t\t\t\t\t\t\t<div class=\"uael-video__content-wrap\">\n\t\t\t\t\t\t\t\t<div class=\"uael-video__content\">\n\t\t\t\t\t\t\t\t\t\t\t\t\t\t\t\t\t\t<div class=\"uael-vg__play\">\n\t\t\t\t\t\t\t\t\t\t\t\t\t\t\t\t\t\t<span class=\"elementor-animation- uael-vg__play-icon\">\n\t\t\t\t\t\t<i aria-hidden=\"true\" class=\"fas fa-play\"><\/i>\t\t\t\t\t<\/span>\n\t\t\t\t\t\t\t\t\t\t\t\t\t\t\t\t\t\t<\/div>\n\n\t\t\t\t\t\t\t\t\t\n\t\t\t\t\t\t\t\t<\/div>\n\t\t\t\t\t\t\t<\/div>\n\t\t\t\t\t\t<\/a>\n\t\t\t\t\t<\/div>\n\t\t\t\t\t\n\t\t<h4 class=\"uael-video__caption\">If you know someone in rehab, watch this!<\/h4>\n\n\t\t\t\t\t\t\t<div class=\"uael-vg__overlay\"><\/div>\n\t\t\t\t\t\t\t\t\t<\/div>\n\t\t\t\t\t\t\t\t<div class=\"uael-video__gallery-item\" id=\"uael-video__gallery-item5\">\n\n\t\t\t\t\t\t\t\t\t\t<div class=\"uael-video__gallery-iframe\" style=\"background-image:url('https:\/\/i.vimeocdn.com\/video\/2051743062-5cbb31cb54fb3e2340b653912365a7c31dd5860e4fde5f73e8385f42d4965a6f-d_840?region=us');\">\n\t\t\t\t\t\t<a class=\"elementor-clickable uael-vg__play_full\" href=\"https:\/\/vimeo.com\/1113285685\" data-fancybox=\"uael-video-gallery-5ae4a8b\">\n\t\t\t\t\t\t\t<div class=\"uael-video__content-wrap\">\n\t\t\t\t\t\t\t\t<div class=\"uael-video__content\">\n\t\t\t\t\t\t\t\t\t\t\t\t\t\t\t\t\t\t<div class=\"uael-vg__play\">\n\t\t\t\t\t\t\t\t\t\t\t\t\t\t\t\t\t\t<span class=\"elementor-animation- uael-vg__play-icon\">\n\t\t\t\t\t\t<i aria-hidden=\"true\" class=\"fas fa-play\"><\/i>\t\t\t\t\t<\/span>\n\t\t\t\t\t\t\t\t\t\t\t\t\t\t\t\t\t\t<\/div>\n\n\t\t\t\t\t\t\t\t\t\n\t\t\t\t\t\t\t\t<\/div>\n\t\t\t\t\t\t\t<\/div>\n\t\t\t\t\t\t<\/a>\n\t\t\t\t\t<\/div>\n\t\t\t\t\t\n\t\t<h4 class=\"uael-video__caption\">Understanding Detox &amp; Rehab Facility Requirements!<\/h4>\n\n\t\t\t\t\t\t\t<div class=\"uael-vg__overlay\"><\/div>\n\t\t\t\t\t\t\t\t\t<\/div>\n\t\t\t\t<\/div>\t\t<script type=\"text\/javascript\">\n\t\t\tjQuery( document ).ready( function( $ ) {\n\n\t\t\t\t$( '.uael-video-gallery-wrap' ).each( function() {\n\n\t\t\t\t\tvar $node_id \t= '5ae4a8b';\n\t\t\t\t\tvar\tscope \t\t= $( '[data-id=\"' + $node_id + '\"]' );\n\t\t\t\t\tvar selector \t= $(this);\n\n\t\t\t\t\tif ( selector.closest( scope ).length < 1 ) {\n\t\t\t\t\t\treturn;\n\t\t\t\t\t}\n\n\t\t\t\t\tif ( ! selector.hasClass( 'uael-video-gallery-filter' ) ) {\n\t\t\t\t\t\treturn;\n\t\t\t\t\t}\n\n\t\t\t\t\tvar filters = scope.find( '.uael-video__gallery-filters' );\n\t\t\t\t\tvar def_cat = '*';\n\n\t\t\t\t\tif ( filters.length > 0 ) {\n\n\t\t\t\t\t\tvar def_filter = filters.data( 'default' );\n\n\t\t\t\t\t\tif ( '' !== def_filter ) {\n\n\t\t\t\t\t\t\tdef_cat \t= def_filter;\n\t\t\t\t\t\t\tdef_cat_sel = filters.find( '[data-filter=\"' + def_filter + '\"]' );\n\n\t\t\t\t\t\t\tif ( def_cat_sel.length > 0 ) {\n\t\t\t\t\t\t\t\tdef_cat_sel.siblings().removeClass( 'uael-filter__current' );\n\t\t\t\t\t\t\t\tdef_cat_sel.addClass( 'uael-filter__current' );\n\t\t\t\t\t\t\t}\n\t\t\t\t\t\t}\n\t\t\t\t\t}\n\n\t\t\t\t\tvar $obj = {};\n\n\t\t\t\t\tselector.imagesLoaded( function( e ) {\n\n\t\t\t\t\t\t$obj = selector.isotope({\n\t\t\t\t\t\t\tfilter: def_cat,\n\t\t\t\t\t\t\tlayoutMode: 'masonry',\n\t\t\t\t\t\t\titemSelector: '.uael-video__gallery-item',\n\t\t\t\t\t\t});\n\n\t\t\t\t\t\tselector.find( '.uael-video__gallery-item' ).resize( function() {\n\t\t\t\t\t\t\t$obj.isotope( 'layout' );\n\t\t\t\t\t\t});\n\t\t\t\t\t});\n\n\t\t\t\t});\n\t\t\t});\n\t\t<\/script>\n\t\t\t\t\t\t<\/div>\n\t\t\t\t<\/div>\n\t\t\t\t\t<\/div>\n\t\t\t\t<\/div>\n\t\t\t\t\t<\/div>\n\t\t\t\t<\/div>\n\t\t\t\t<\/div>\n\t\t","protected":false},"excerpt":{"rendered":"<p>V\u00eddeos de muertes en centros de desintoxicaci\u00f3n y rehabilitaci\u00f3n In\u00edcio right-arrowCreated with Sketch. V\u00eddeos right-arrowCreated with Sketch. What legal protections does your loved one have when going to a detox\/rehab facility? 3 things you should know if a loved one is in a detox facility! When are detox and rehab facilities held liable for patient [&hellip;]<\/p>\n","protected":false},"author":16,"featured_media":0,"parent":10206,"menu_order":0,"comment_status":"closed","ping_status":"closed","template":"","meta":{"_acf_changed":false,"footnotes":""},"class_list":["post-10211","page","type-page","status-publish","hentry"],"acf":[],"yoast_head":"<!-- This site is optimized with the Yoast SEO plugin v27.3 - https:\/\/yoast.com\/product\/yoast-seo-wordpress\/ -->\n<title>Muertes en centros de desintoxicaci\u00f3n\/rehabilitaci\u00f3n | MSD Lawyers<\/title>\n<meta name=\"robots\" content=\"index, follow, max-snippet:-1, max-image-preview:large, max-video-preview:-1\" \/>\n<link rel=\"canonical\" href=\"https:\/\/msdlawyers.com\/es\/videos\/detox-rehab-facilities-deaths\/\" \/>\n<meta property=\"og:locale\" content=\"es_ES\" \/>\n<meta property=\"og:type\" content=\"article\" \/>\n<meta property=\"og:title\" content=\"Muertes en centros de desintoxicaci\u00f3n\/rehabilitaci\u00f3n | MSD Lawyers\" \/>\n<meta property=\"og:description\" content=\"V\u00eddeos de muertes en centros de desintoxicaci\u00f3n y rehabilitaci\u00f3n In\u00edcio right-arrowCreated with Sketch. V\u00eddeos right-arrowCreated with Sketch. What legal protections does your loved one have when going to a detox\/rehab facility? 3 things you should know if a loved one is in a detox facility! When are detox and rehab facilities held liable for patient [&hellip;]\" \/>\n<meta property=\"og:url\" content=\"https:\/\/msdlawyers.com\/es\/videos\/detox-rehab-facilities-deaths\/\" \/>\n<meta property=\"og:site_name\" content=\"MSD Lawyers\" \/>\n<meta property=\"article:modified_time\" content=\"2026-01-29T16:00:18+00:00\" \/>\n<meta name=\"twitter:card\" content=\"summary_large_image\" \/>\n<script type=\"application\/ld+json\" class=\"yoast-schema-graph\">{\"@context\":\"https:\\\/\\\/schema.org\",\"@graph\":[{\"@type\":\"WebPage\",\"@id\":\"https:\\\/\\\/msdlawyers.com\\\/es\\\/videos\\\/detox-rehab-facilities-deaths\\\/\",\"url\":\"https:\\\/\\\/msdlawyers.com\\\/es\\\/videos\\\/detox-rehab-facilities-deaths\\\/\",\"name\":\"Muertes en centros de desintoxicaci\u00f3n\\\/rehabilitaci\u00f3n | MSD Lawyers\",\"isPartOf\":{\"@id\":\"https:\\\/\\\/msdlawyers.com\\\/es\\\/#website\"},\"datePublished\":\"2025-04-10T18:41:26+00:00\",\"dateModified\":\"2026-01-29T16:00:18+00:00\",\"breadcrumb\":{\"@id\":\"https:\\\/\\\/msdlawyers.com\\\/es\\\/videos\\\/detox-rehab-facilities-deaths\\\/#breadcrumb\"},\"inLanguage\":\"es\",\"potentialAction\":[{\"@type\":\"ReadAction\",\"target\":[\"https:\\\/\\\/msdlawyers.com\\\/es\\\/videos\\\/detox-rehab-facilities-deaths\\\/\"]}]},{\"@type\":\"BreadcrumbList\",\"@id\":\"https:\\\/\\\/msdlawyers.com\\\/es\\\/videos\\\/detox-rehab-facilities-deaths\\\/#breadcrumb\",\"itemListElement\":[{\"@type\":\"ListItem\",\"position\":1,\"name\":\"Inicio\",\"item\":\"https:\\\/\\\/msdlawyers.com\\\/es\\\/\"},{\"@type\":\"ListItem\",\"position\":2,\"name\":\"V\u00eddeos\",\"item\":\"https:\\\/\\\/msdlawyers.com\\\/es\\\/videos\\\/\"},{\"@type\":\"ListItem\",\"position\":3,\"name\":\"Muertes en centros de desintoxicaci\u00f3n\\\/rehabilitaci\u00f3n\"}]},{\"@type\":\"WebSite\",\"@id\":\"https:\\\/\\\/msdlawyers.com\\\/es\\\/#website\",\"url\":\"https:\\\/\\\/msdlawyers.com\\\/es\\\/\",\"name\":\"MSD Lawyers\",\"description\":\"Experienced Representation for Businesses and Individuals\",\"publisher\":{\"@id\":\"https:\\\/\\\/msdlawyers.com\\\/es\\\/#organization\"},\"alternateName\":\"MSD Lawyers\",\"potentialAction\":[{\"@type\":\"SearchAction\",\"target\":{\"@type\":\"EntryPoint\",\"urlTemplate\":\"https:\\\/\\\/msdlawyers.com\\\/es\\\/?s={search_term_string}\"},\"query-input\":{\"@type\":\"PropertyValueSpecification\",\"valueRequired\":true,\"valueName\":\"search_term_string\"}}],\"inLanguage\":\"es\"},{\"@type\":\"Organization\",\"@id\":\"https:\\\/\\\/msdlawyers.com\\\/es\\\/#organization\",\"name\":\"Abogados MSD\",\"url\":\"https:\\\/\\\/msdlawyers.com\\\/es\\\/\",\"logo\":{\"@type\":\"ImageObject\",\"inLanguage\":\"es\",\"@id\":\"https:\\\/\\\/msdlawyers.com\\\/es\\\/#\\\/schema\\\/logo\\\/image\\\/\",\"url\":\"https:\\\/\\\/msdlawyers.com\\\/wp-content\\\/uploads\\\/2022\\\/10\\\/cropped-Mills-Sadat-Dowlat-LLP-icon.png\",\"contentUrl\":\"https:\\\/\\\/msdlawyers.com\\\/wp-content\\\/uploads\\\/2022\\\/10\\\/cropped-Mills-Sadat-Dowlat-LLP-icon.png\",\"width\":512,\"height\":512,\"caption\":\"Abogados MSD\"},\"image\":{\"@id\":\"https:\\\/\\\/msdlawyers.com\\\/es\\\/#\\\/schema\\\/logo\\\/image\\\/\"},\"sameAs\":[\"https:\\\/\\\/www.instagram.com\\\/msdlawyers\\\/\",\"https:\\\/\\\/www.linkedin.com\\\/company\\\/mills-sadat-dowlat\\\/about\\\/\",\"https:\\\/\\\/www.tiktok.com\\\/@msdlawyers\"]}]}<\/script>\n<!-- \/ Yoast SEO plugin. -->","yoast_head_json":{"title":"Muertes en centros de desintoxicaci\u00f3n\/rehabilitaci\u00f3n | MSD Lawyers","robots":{"index":"index","follow":"follow","max-snippet":"max-snippet:-1","max-image-preview":"max-image-preview:large","max-video-preview":"max-video-preview:-1"},"canonical":"https:\/\/msdlawyers.com\/es\/videos\/detox-rehab-facilities-deaths\/","og_locale":"es_ES","og_type":"article","og_title":"Muertes en centros de desintoxicaci\u00f3n\/rehabilitaci\u00f3n | MSD Lawyers","og_description":"V\u00eddeos de muertes en centros de desintoxicaci\u00f3n y rehabilitaci\u00f3n In\u00edcio right-arrowCreated with Sketch. V\u00eddeos right-arrowCreated with Sketch. What legal protections does your loved one have when going to a detox\/rehab facility? 3 things you should know if a loved one is in a detox facility! When are detox and rehab facilities held liable for patient [&hellip;]","og_url":"https:\/\/msdlawyers.com\/es\/videos\/detox-rehab-facilities-deaths\/","og_site_name":"MSD Lawyers","article_modified_time":"2026-01-29T16:00:18+00:00","twitter_card":"summary_large_image","schema":{"@context":"https:\/\/schema.org","@graph":[{"@type":"WebPage","@id":"https:\/\/msdlawyers.com\/es\/videos\/detox-rehab-facilities-deaths\/","url":"https:\/\/msdlawyers.com\/es\/videos\/detox-rehab-facilities-deaths\/","name":"Muertes en centros de desintoxicaci\u00f3n\/rehabilitaci\u00f3n | MSD Lawyers","isPartOf":{"@id":"https:\/\/msdlawyers.com\/es\/#website"},"datePublished":"2025-04-10T18:41:26+00:00","dateModified":"2026-01-29T16:00:18+00:00","breadcrumb":{"@id":"https:\/\/msdlawyers.com\/es\/videos\/detox-rehab-facilities-deaths\/#breadcrumb"},"inLanguage":"es","potentialAction":[{"@type":"ReadAction","target":["https:\/\/msdlawyers.com\/es\/videos\/detox-rehab-facilities-deaths\/"]}]},{"@type":"BreadcrumbList","@id":"https:\/\/msdlawyers.com\/es\/videos\/detox-rehab-facilities-deaths\/#breadcrumb","itemListElement":[{"@type":"ListItem","position":1,"name":"Inicio","item":"https:\/\/msdlawyers.com\/es\/"},{"@type":"ListItem","position":2,"name":"V\u00eddeos","item":"https:\/\/msdlawyers.com\/es\/videos\/"},{"@type":"ListItem","position":3,"name":"Muertes en centros de desintoxicaci\u00f3n\/rehabilitaci\u00f3n"}]},{"@type":"WebSite","@id":"https:\/\/msdlawyers.com\/es\/#website","url":"https:\/\/msdlawyers.com\/es\/","name":"MSD Lawyers","description":"Experienced Representation for Businesses and Individuals","publisher":{"@id":"https:\/\/msdlawyers.com\/es\/#organization"},"alternateName":"MSD Lawyers","potentialAction":[{"@type":"SearchAction","target":{"@type":"EntryPoint","urlTemplate":"https:\/\/msdlawyers.com\/es\/?s={search_term_string}"},"query-input":{"@type":"PropertyValueSpecification","valueRequired":true,"valueName":"search_term_string"}}],"inLanguage":"es"},{"@type":"Organization","@id":"https:\/\/msdlawyers.com\/es\/#organization","name":"Abogados MSD","url":"https:\/\/msdlawyers.com\/es\/","logo":{"@type":"ImageObject","inLanguage":"es","@id":"https:\/\/msdlawyers.com\/es\/#\/schema\/logo\/image\/","url":"https:\/\/msdlawyers.com\/wp-content\/uploads\/2022\/10\/cropped-Mills-Sadat-Dowlat-LLP-icon.png","contentUrl":"https:\/\/msdlawyers.com\/wp-content\/uploads\/2022\/10\/cropped-Mills-Sadat-Dowlat-LLP-icon.png","width":512,"height":512,"caption":"Abogados MSD"},"image":{"@id":"https:\/\/msdlawyers.com\/es\/#\/schema\/logo\/image\/"},"sameAs":["https:\/\/www.instagram.com\/msdlawyers\/","https:\/\/www.linkedin.com\/company\/mills-sadat-dowlat\/about\/","https:\/\/www.tiktok.com\/@msdlawyers"]}]}},"_links":{"self":[{"href":"https:\/\/msdlawyers.com\/es\/wp-json\/wp\/v2\/pages\/10211","targetHints":{"allow":["GET"]}}],"collection":[{"href":"https:\/\/msdlawyers.com\/es\/wp-json\/wp\/v2\/pages"}],"about":[{"href":"https:\/\/msdlawyers.com\/es\/wp-json\/wp\/v2\/types\/page"}],"author":[{"embeddable":true,"href":"https:\/\/msdlawyers.com\/es\/wp-json\/wp\/v2\/users\/16"}],"replies":[{"embeddable":true,"href":"https:\/\/msdlawyers.com\/es\/wp-json\/wp\/v2\/comments?post=10211"}],"version-history":[{"count":4,"href":"https:\/\/msdlawyers.com\/es\/wp-json\/wp\/v2\/pages\/10211\/revisions"}],"predecessor-version":[{"id":13178,"href":"https:\/\/msdlawyers.com\/es\/wp-json\/wp\/v2\/pages\/10211\/revisions\/13178"}],"up":[{"embeddable":true,"href":"https:\/\/msdlawyers.com\/es\/wp-json\/wp\/v2\/pages\/10206"}],"wp:attachment":[{"href":"https:\/\/msdlawyers.com\/es\/wp-json\/wp\/v2\/media?parent=10211"}],"curies":[{"name":"wp","href":"https:\/\/api.w.org\/{rel}","templated":true}]}}