{"id":8121,"date":"2022-06-14T01:45:17","date_gmt":"2022-06-14T08:45:17","guid":{"rendered":"https:\/\/msdlawyers.com\/msd-in-the-news\/"},"modified":"2025-10-16T05:59:09","modified_gmt":"2025-10-16T12:59:09","slug":"msd-en-las-noticias","status":"publish","type":"page","link":"https:\/\/msdlawyers.com\/es\/msd-en-las-noticias\/","title":{"rendered":"Noticias"},"content":{"rendered":"\t\t<div data-elementor-type=\"wp-page\" data-elementor-id=\"8121\" class=\"elementor elementor-8121 elementor-1317\" data-elementor-post-type=\"page\">\n\t\t\t\t<div class=\"elementor-element elementor-element-934e78c e-flex e-con-boxed e-con e-parent\" data-id=\"934e78c\" data-element_type=\"container\" data-settings=\"{&quot;background_background&quot;:&quot;classic&quot;}\">\n\t\t\t\t\t<div class=\"e-con-inner\">\n\t\t\t\t<div class=\"elementor-element elementor-element-24cb428 elementor-widget elementor-widget-heading\" data-id=\"24cb428\" data-element_type=\"widget\" data-widget_type=\"heading.default\">\n\t\t\t\t<div class=\"elementor-widget-container\">\n\t\t\t\t\t<h1 class=\"elementor-heading-title elementor-size-default\">Noticias<\/h1>\t\t\t\t<\/div>\n\t\t\t\t<\/div>\n\t\t\t\t<div class=\"elementor-element elementor-element-d4cce4c elementor-icon-list--layout-inline elementor-align-center elementor-list-item-link-full_width elementor-widget elementor-widget-icon-list\" data-id=\"d4cce4c\" data-element_type=\"widget\" data-widget_type=\"icon-list.default\">\n\t\t\t\t<div class=\"elementor-widget-container\">\n\t\t\t\t\t\t\t<ul class=\"elementor-icon-list-items elementor-inline-items\">\n\t\t\t\t\t\t\t<li class=\"elementor-icon-list-item elementor-inline-item\">\n\t\t\t\t\t\t\t\t\t\t\t<a href=\"https:\/\/msdlawyers.com\/es\/\">\n\n\t\t\t\t\t\t\t\t\t\t\t<span class=\"elementor-icon-list-text\">Inicio<\/span>\n\t\t\t\t\t\t\t\t\t\t\t<\/a>\n\t\t\t\t\t\t\t\t\t<\/li>\n\t\t\t\t\t\t\t\t<li class=\"elementor-icon-list-item elementor-inline-item\">\n\t\t\t\t\t\t\t\t\t\t\t<span class=\"elementor-icon-list-icon\">\n\t\t\t\t\t\t\t<svg xmlns=\"http:\/\/www.w3.org\/2000\/svg\" xmlns:xlink=\"http:\/\/www.w3.org\/1999\/xlink\" width=\"800px\" height=\"800px\" viewBox=\"0 -6.5 36 36\" fill=\"#000000\" stroke=\"#000000\"><g id=\"SVGRepo_bgCarrier\" stroke-width=\"0\"><\/g><g id=\"SVGRepo_tracerCarrier\" stroke-linecap=\"round\" stroke-linejoin=\"round\"><\/g><g id=\"SVGRepo_iconCarrier\"><title>right-arrow<\/title><desc>Created with Sketch.<\/desc><g id=\"icons\" stroke=\"none\" stroke-width=\"1\" fill=\"none\" fill-rule=\"evenodd\"><g id=\"ui-gambling-website-lined-icnos-casinoshunter\" transform=\"translate(-212.000000, -159.000000)\" fill=\"#ffffff\" fill-rule=\"nonzero\"><g id=\"square-filled\" transform=\"translate(50.000000, 120.000000)\"><path d=\"M187.108012,39.2902857 L197.649804,49.7417043 L197.708994,49.7959169 C197.889141,49.9745543 197.986143,50.2044182 198,50.4382227 L198,50.5617773 C197.986143,50.7955818 197.889141,51.0254457 197.708994,51.2040831 L197.6571,51.2479803 L187.108012,61.7097143 C186.717694,62.0967619 186.084865,62.0967619 185.694547,61.7097143 C185.30423,61.3226668 185.30423,60.6951387 185.694547,60.3080911 L194.702666,51.3738496 L162.99947,51.3746291 C162.447478,51.3746291 162,50.9308997 162,50.3835318 C162,49.8361639 162.447478,49.3924345 162.99947,49.3924345 L194.46779,49.3916551 L185.694547,40.6919089 C185.30423,40.3048613 185.30423,39.6773332 185.694547,39.2902857 C186.084865,38.9032381 186.717694,38.9032381 187.108012,39.2902857 Z M197.115357,50.382693 L186.401279,61.0089027 L197.002151,50.5002046 L197.002252,50.4963719 L196.943142,50.442585 L196.882737,50.382693 L197.115357,50.382693 Z\" id=\"right-arrow\"> <\/path><\/g><\/g><\/g><\/g><\/svg>\t\t\t\t\t\t<\/span>\n\t\t\t\t\t\t\t\t\t\t<span class=\"elementor-icon-list-text\">Noticias<\/span>\n\t\t\t\t\t\t\t\t\t<\/li>\n\t\t\t\t\t\t<\/ul>\n\t\t\t\t\t\t<\/div>\n\t\t\t\t<\/div>\n\t\t\t\t\t<\/div>\n\t\t\t\t<\/div>\n\t\t<div class=\"elementor-element elementor-element-13124eb e-flex e-con-boxed e-con e-parent\" data-id=\"13124eb\" data-element_type=\"container\">\n\t\t\t\t\t<div class=\"e-con-inner\">\n\t\t\t\t\t<\/div>\n\t\t\t\t<\/div>\n\t\t\t\t<\/div>\n\t\t","protected":false},"excerpt":{"rendered":"<p>Noticias Inicio right-arrowCreated with Sketch.<\/p>\n","protected":false},"author":6,"featured_media":0,"parent":0,"menu_order":0,"comment_status":"closed","ping_status":"closed","template":"","meta":{"_acf_changed":false,"footnotes":""},"class_list":["post-8121","page","type-page","status-publish","hentry"],"acf":[],"yoast_head":"<!-- This site is optimized with the Yoast SEO plugin v27.3 - https:\/\/yoast.com\/product\/yoast-seo-wordpress\/ -->\n<title>Noticias | MSD Lawyers<\/title>\n<meta name=\"description\" content=\"Mant\u00e9ngase al d\u00eda con las \u00faltimas noticias y la cobertura medi\u00e1tica de MSD Lawyers. Explore art\u00edculos que destacan nuestra experiencia legal, casos destacados y el impacto que generamos en el \u00e1mbito legal.\" \/>\n<meta name=\"robots\" content=\"index, follow, max-snippet:-1, max-image-preview:large, max-video-preview:-1\" \/>\n<link rel=\"canonical\" href=\"https:\/\/msdlawyers.com\/es\/msd-en-las-noticias\/\" \/>\n<meta property=\"og:locale\" content=\"es_ES\" \/>\n<meta property=\"og:type\" content=\"article\" \/>\n<meta property=\"og:title\" content=\"Noticias | MSD Lawyers\" \/>\n<meta property=\"og:description\" content=\"Mant\u00e9ngase al d\u00eda con las \u00faltimas noticias y la cobertura medi\u00e1tica de MSD Lawyers. Explore art\u00edculos que destacan nuestra experiencia legal, casos destacados y el impacto que generamos en el \u00e1mbito legal.\" \/>\n<meta property=\"og:url\" content=\"https:\/\/msdlawyers.com\/es\/msd-en-las-noticias\/\" \/>\n<meta property=\"og:site_name\" content=\"MSD Lawyers\" \/>\n<meta property=\"article:modified_time\" content=\"2025-10-16T12:59:09+00:00\" \/>\n<meta name=\"twitter:card\" content=\"summary_large_image\" \/>\n<meta name=\"twitter:label1\" content=\"Tiempo de lectura\" \/>\n\t<meta name=\"twitter:data1\" content=\"6 minutos\" \/>\n<script type=\"application\/ld+json\" class=\"yoast-schema-graph\">{\"@context\":\"https:\\\/\\\/schema.org\",\"@graph\":[{\"@type\":\"WebPage\",\"@id\":\"https:\\\/\\\/msdlawyers.com\\\/es\\\/msd-en-las-noticias\\\/\",\"url\":\"https:\\\/\\\/msdlawyers.com\\\/es\\\/msd-en-las-noticias\\\/\",\"name\":\"Noticias | MSD Lawyers\",\"isPartOf\":{\"@id\":\"https:\\\/\\\/msdlawyers.com\\\/es\\\/#website\"},\"datePublished\":\"2022-06-14T08:45:17+00:00\",\"dateModified\":\"2025-10-16T12:59:09+00:00\",\"description\":\"Mant\u00e9ngase al d\u00eda con las \u00faltimas noticias y la cobertura medi\u00e1tica de MSD Lawyers. Explore art\u00edculos que destacan nuestra experiencia legal, casos destacados y el impacto que generamos en el \u00e1mbito legal.\",\"breadcrumb\":{\"@id\":\"https:\\\/\\\/msdlawyers.com\\\/es\\\/msd-en-las-noticias\\\/#breadcrumb\"},\"inLanguage\":\"es\",\"potentialAction\":[{\"@type\":\"ReadAction\",\"target\":[\"https:\\\/\\\/msdlawyers.com\\\/es\\\/msd-en-las-noticias\\\/\"]}]},{\"@type\":\"BreadcrumbList\",\"@id\":\"https:\\\/\\\/msdlawyers.com\\\/es\\\/msd-en-las-noticias\\\/#breadcrumb\",\"itemListElement\":[{\"@type\":\"ListItem\",\"position\":1,\"name\":\"Inicio\",\"item\":\"https:\\\/\\\/msdlawyers.com\\\/es\\\/\"},{\"@type\":\"ListItem\",\"position\":2,\"name\":\"Noticias\"}]},{\"@type\":\"WebSite\",\"@id\":\"https:\\\/\\\/msdlawyers.com\\\/es\\\/#website\",\"url\":\"https:\\\/\\\/msdlawyers.com\\\/es\\\/\",\"name\":\"MSD Lawyers\",\"description\":\"Experienced Representation for Businesses and Individuals\",\"publisher\":{\"@id\":\"https:\\\/\\\/msdlawyers.com\\\/es\\\/#organization\"},\"alternateName\":\"MSD Lawyers\",\"potentialAction\":[{\"@type\":\"SearchAction\",\"target\":{\"@type\":\"EntryPoint\",\"urlTemplate\":\"https:\\\/\\\/msdlawyers.com\\\/es\\\/?s={search_term_string}\"},\"query-input\":{\"@type\":\"PropertyValueSpecification\",\"valueRequired\":true,\"valueName\":\"search_term_string\"}}],\"inLanguage\":\"es\"},{\"@type\":\"Organization\",\"@id\":\"https:\\\/\\\/msdlawyers.com\\\/es\\\/#organization\",\"name\":\"Abogados MSD\",\"url\":\"https:\\\/\\\/msdlawyers.com\\\/es\\\/\",\"logo\":{\"@type\":\"ImageObject\",\"inLanguage\":\"es\",\"@id\":\"https:\\\/\\\/msdlawyers.com\\\/es\\\/#\\\/schema\\\/logo\\\/image\\\/\",\"url\":\"https:\\\/\\\/msdlawyers.com\\\/wp-content\\\/uploads\\\/2022\\\/10\\\/cropped-Mills-Sadat-Dowlat-LLP-icon.png\",\"contentUrl\":\"https:\\\/\\\/msdlawyers.com\\\/wp-content\\\/uploads\\\/2022\\\/10\\\/cropped-Mills-Sadat-Dowlat-LLP-icon.png\",\"width\":512,\"height\":512,\"caption\":\"Abogados MSD\"},\"image\":{\"@id\":\"https:\\\/\\\/msdlawyers.com\\\/es\\\/#\\\/schema\\\/logo\\\/image\\\/\"},\"sameAs\":[\"https:\\\/\\\/www.instagram.com\\\/msdlawyers\\\/\",\"https:\\\/\\\/www.linkedin.com\\\/company\\\/mills-sadat-dowlat\\\/about\\\/\",\"https:\\\/\\\/www.tiktok.com\\\/@msdlawyers\"]}]}<\/script>\n<!-- \/ Yoast SEO plugin. -->","yoast_head_json":{"title":"Noticias | MSD Lawyers","description":"Mant\u00e9ngase al d\u00eda con las \u00faltimas noticias y la cobertura medi\u00e1tica de MSD Lawyers. Explore art\u00edculos que destacan nuestra experiencia legal, casos destacados y el impacto que generamos en el \u00e1mbito legal.","robots":{"index":"index","follow":"follow","max-snippet":"max-snippet:-1","max-image-preview":"max-image-preview:large","max-video-preview":"max-video-preview:-1"},"canonical":"https:\/\/msdlawyers.com\/es\/msd-en-las-noticias\/","og_locale":"es_ES","og_type":"article","og_title":"Noticias | MSD Lawyers","og_description":"Mant\u00e9ngase al d\u00eda con las \u00faltimas noticias y la cobertura medi\u00e1tica de MSD Lawyers. Explore art\u00edculos que destacan nuestra experiencia legal, casos destacados y el impacto que generamos en el \u00e1mbito legal.","og_url":"https:\/\/msdlawyers.com\/es\/msd-en-las-noticias\/","og_site_name":"MSD Lawyers","article_modified_time":"2025-10-16T12:59:09+00:00","twitter_card":"summary_large_image","twitter_misc":{"Tiempo de lectura":"6 minutos"},"schema":{"@context":"https:\/\/schema.org","@graph":[{"@type":"WebPage","@id":"https:\/\/msdlawyers.com\/es\/msd-en-las-noticias\/","url":"https:\/\/msdlawyers.com\/es\/msd-en-las-noticias\/","name":"Noticias | MSD Lawyers","isPartOf":{"@id":"https:\/\/msdlawyers.com\/es\/#website"},"datePublished":"2022-06-14T08:45:17+00:00","dateModified":"2025-10-16T12:59:09+00:00","description":"Mant\u00e9ngase al d\u00eda con las \u00faltimas noticias y la cobertura medi\u00e1tica de MSD Lawyers. Explore art\u00edculos que destacan nuestra experiencia legal, casos destacados y el impacto que generamos en el \u00e1mbito legal.","breadcrumb":{"@id":"https:\/\/msdlawyers.com\/es\/msd-en-las-noticias\/#breadcrumb"},"inLanguage":"es","potentialAction":[{"@type":"ReadAction","target":["https:\/\/msdlawyers.com\/es\/msd-en-las-noticias\/"]}]},{"@type":"BreadcrumbList","@id":"https:\/\/msdlawyers.com\/es\/msd-en-las-noticias\/#breadcrumb","itemListElement":[{"@type":"ListItem","position":1,"name":"Inicio","item":"https:\/\/msdlawyers.com\/es\/"},{"@type":"ListItem","position":2,"name":"Noticias"}]},{"@type":"WebSite","@id":"https:\/\/msdlawyers.com\/es\/#website","url":"https:\/\/msdlawyers.com\/es\/","name":"MSD Lawyers","description":"Experienced Representation for Businesses and Individuals","publisher":{"@id":"https:\/\/msdlawyers.com\/es\/#organization"},"alternateName":"MSD Lawyers","potentialAction":[{"@type":"SearchAction","target":{"@type":"EntryPoint","urlTemplate":"https:\/\/msdlawyers.com\/es\/?s={search_term_string}"},"query-input":{"@type":"PropertyValueSpecification","valueRequired":true,"valueName":"search_term_string"}}],"inLanguage":"es"},{"@type":"Organization","@id":"https:\/\/msdlawyers.com\/es\/#organization","name":"Abogados MSD","url":"https:\/\/msdlawyers.com\/es\/","logo":{"@type":"ImageObject","inLanguage":"es","@id":"https:\/\/msdlawyers.com\/es\/#\/schema\/logo\/image\/","url":"https:\/\/msdlawyers.com\/wp-content\/uploads\/2022\/10\/cropped-Mills-Sadat-Dowlat-LLP-icon.png","contentUrl":"https:\/\/msdlawyers.com\/wp-content\/uploads\/2022\/10\/cropped-Mills-Sadat-Dowlat-LLP-icon.png","width":512,"height":512,"caption":"Abogados MSD"},"image":{"@id":"https:\/\/msdlawyers.com\/es\/#\/schema\/logo\/image\/"},"sameAs":["https:\/\/www.instagram.com\/msdlawyers\/","https:\/\/www.linkedin.com\/company\/mills-sadat-dowlat\/about\/","https:\/\/www.tiktok.com\/@msdlawyers"]}]}},"_links":{"self":[{"href":"https:\/\/msdlawyers.com\/es\/wp-json\/wp\/v2\/pages\/8121","targetHints":{"allow":["GET"]}}],"collection":[{"href":"https:\/\/msdlawyers.com\/es\/wp-json\/wp\/v2\/pages"}],"about":[{"href":"https:\/\/msdlawyers.com\/es\/wp-json\/wp\/v2\/types\/page"}],"author":[{"embeddable":true,"href":"https:\/\/msdlawyers.com\/es\/wp-json\/wp\/v2\/users\/6"}],"replies":[{"embeddable":true,"href":"https:\/\/msdlawyers.com\/es\/wp-json\/wp\/v2\/comments?post=8121"}],"version-history":[{"count":4,"href":"https:\/\/msdlawyers.com\/es\/wp-json\/wp\/v2\/pages\/8121\/revisions"}],"predecessor-version":[{"id":12295,"href":"https:\/\/msdlawyers.com\/es\/wp-json\/wp\/v2\/pages\/8121\/revisions\/12295"}],"wp:attachment":[{"href":"https:\/\/msdlawyers.com\/es\/wp-json\/wp\/v2\/media?parent=8121"}],"curies":[{"name":"wp","href":"https:\/\/api.w.org\/{rel}","templated":true}]}}