{"id":8124,"date":"2022-07-18T15:00:22","date_gmt":"2022-07-18T22:00:22","guid":{"rendered":"https:\/\/msdlawyers.com\/severance-agreement-lawyer-los-angeles\/"},"modified":"2025-03-06T22:13:55","modified_gmt":"2025-03-07T06:13:55","slug":"severance-agreement-lawyer-los-angeles","status":"publish","type":"page","link":"https:\/\/msdlawyers.com\/es\/severance-agreement-lawyer-los-angeles\/","title":{"rendered":"Acuerdos de Indemnizaci\u00f3n"},"content":{"rendered":"\t\t<div data-elementor-type=\"wp-page\" data-elementor-id=\"8124\" class=\"elementor elementor-8124 elementor-477\" data-elementor-post-type=\"page\">\n\t\t\t\t\t\t<section class=\"elementor-section elementor-top-section elementor-element elementor-element-2086f22 elementor-section-boxed elementor-section-height-default elementor-section-height-default\" data-id=\"2086f22\" data-element_type=\"section\" data-settings=\"{&quot;background_background&quot;:&quot;classic&quot;}\">\n\t\t\t\t\t\t\t<div class=\"elementor-background-overlay\"><\/div>\n\t\t\t\t\t\t\t<div class=\"elementor-container elementor-column-gap-default\">\n\t\t\t\t\t<div class=\"elementor-column elementor-col-100 elementor-top-column elementor-element elementor-element-d77a235\" data-id=\"d77a235\" data-element_type=\"column\">\n\t\t\t<div class=\"elementor-widget-wrap elementor-element-populated\">\n\t\t\t\t\t\t<div class=\"elementor-element elementor-element-dcbb425 elementor-widget elementor-widget-heading\" data-id=\"dcbb425\" data-element_type=\"widget\" data-widget_type=\"heading.default\">\n\t\t\t\t<div class=\"elementor-widget-container\">\n\t\t\t\t\t<h5 class=\"elementor-heading-title elementor-size-default\">Acuerdos de Indemnizaci\u00f3n<\/h5>\t\t\t\t<\/div>\n\t\t\t\t<\/div>\n\t\t\t\t<div class=\"elementor-element elementor-element-d13b49b elementor-widget-divider--view-line elementor-widget elementor-widget-divider\" data-id=\"d13b49b\" data-element_type=\"widget\" data-widget_type=\"divider.default\">\n\t\t\t\t<div class=\"elementor-widget-container\">\n\t\t\t\t\t\t\t<div class=\"elementor-divider\">\n\t\t\t<span class=\"elementor-divider-separator\">\n\t\t\t\t\t\t<\/span>\n\t\t<\/div>\n\t\t\t\t\t\t<\/div>\n\t\t\t\t<\/div>\n\t\t\t\t\t<\/div>\n\t\t<\/div>\n\t\t\t\t\t<\/div>\n\t\t<\/section>\n\t\t\t\t<section class=\"elementor-section elementor-top-section elementor-element elementor-element-13a197f elementor-section-boxed elementor-section-height-default elementor-section-height-default\" data-id=\"13a197f\" data-element_type=\"section\">\n\t\t\t\t\t\t\t<div class=\"elementor-background-overlay\"><\/div>\n\t\t\t\t\t\t\t<div class=\"elementor-container elementor-column-gap-default\">\n\t\t\t\t\t<div class=\"elementor-column elementor-col-50 elementor-top-column elementor-element elementor-element-5a38ace\" data-id=\"5a38ace\" data-element_type=\"column\">\n\t\t\t<div class=\"elementor-widget-wrap elementor-element-populated\">\n\t\t\t\t\t\t<div class=\"elementor-element elementor-element-efa1bd4 elementor-invisible elementor-widget elementor-widget-heading\" data-id=\"efa1bd4\" data-element_type=\"widget\" data-settings=\"{&quot;_animation&quot;:&quot;fadeInUp&quot;}\" data-widget_type=\"heading.default\">\n\t\t\t\t<div class=\"elementor-widget-container\">\n\t\t\t\t\t<h1 class=\"elementor-heading-title elementor-size-default\">Acuerdos de Indemnizaci\u00f3n<\/h1>\t\t\t\t<\/div>\n\t\t\t\t<\/div>\n\t\t\t\t<div class=\"elementor-element elementor-element-d82e42d elementor-widget elementor-widget-text-editor\" data-id=\"d82e42d\" data-element_type=\"widget\" data-widget_type=\"text-editor.default\">\n\t\t\t\t<div class=\"elementor-widget-container\">\n\t\t\t\t\t\t\t\t\t<p><span style=\"font-weight: 400;\">Cuando un empleado es despedido de su puesto, es posible que se le solicite firmar un acuerdo de indemnizaci\u00f3n. Un acuerdo de indemnizaci\u00f3n es un documento legal que establece los t\u00e9rminos de la separaci\u00f3n del empleado de la empresa. El acuerdo t\u00edpicamente incluir\u00e1 disposiciones tales como la liberaci\u00f3n de todas las reclamaciones contra el empleador, la naturaleza confidencial del acuerdo y el pago de beneficios de indemnizaci\u00f3n.  <\/span><\/p>\n<p><span style=\"font-weight: 400;\">Es importante destacar que California tiene reglas especiales de las que debe estar al tanto. Por ejemplo, la ley de California exige que los acuerdos de indemnizaci\u00f3n incluyan una notificaci\u00f3n por escrito informando al empleado sobre su derecho a consultar con un abogado antes de firmar el acuerdo. La notificaci\u00f3n tambi\u00e9n debe indicar que el empleado tiene cinco d\u00edas, o si es mayor de 40 a\u00f1os, siete d\u00edas para considerar el acuerdo. Si el empleado firma el acuerdo dentro de ese plazo, se considera que ha renunciado a su derecho de consultar con un abogado.   <\/span><\/p>\n<p><span style=\"font-weight: 400;\">Si se le ha solicitado firmar un acuerdo de indemnizaci\u00f3n, comun\u00edquese con nuestra oficina hoy para programar una consulta con uno de nuestros abogados experimentados. Los acuerdos de indemnizaci\u00f3n generalmente son negociables, por lo que es importante que los abogados de MSD revisen el acuerdo antes de firmarlo. Podemos ayudar a garantizar que sus derechos est\u00e9n protegidos y que reciba una compensaci\u00f3n justa por cualquier reclamaci\u00f3n que pueda tener contra la empresa.  <\/span><\/p>\n\t\t\t\t\t\t\t\t<\/div>\n\t\t\t\t<\/div>\n\t\t\t\t<div class=\"elementor-element elementor-element-7277de8 elementor-align-center elementor-widget elementor-widget-button\" data-id=\"7277de8\" data-element_type=\"widget\" data-widget_type=\"button.default\">\n\t\t\t\t<div class=\"elementor-widget-container\">\n\t\t\t\t\t\t\t\t\t<div class=\"elementor-button-wrapper\">\n\t\t\t\t\t<a class=\"elementor-button elementor-button-link elementor-size-sm elementor-animation-shrink\" href=\"https:\/\/msdlawllp.com\/consultation\/\">\n\t\t\t\t\t\t<span class=\"elementor-button-content-wrapper\">\n\t\t\t\t\t\t\t\t\t<span class=\"elementor-button-text\">Reserve Su Consulta Gratuita<\/span>\n\t\t\t\t\t<\/span>\n\t\t\t\t\t<\/a>\n\t\t\t\t<\/div>\n\t\t\t\t\t\t\t\t<\/div>\n\t\t\t\t<\/div>\n\t\t\t\t\t<\/div>\n\t\t<\/div>\n\t\t\t\t<div class=\"elementor-column elementor-col-50 elementor-top-column elementor-element elementor-element-5f22d9e\" data-id=\"5f22d9e\" data-element_type=\"column\" data-settings=\"{&quot;background_background&quot;:&quot;classic&quot;}\">\n\t\t\t<div class=\"elementor-widget-wrap elementor-element-populated\">\n\t\t\t\t\t\t<div class=\"elementor-element elementor-element-e69b179 elementor-widget elementor-widget-heading\" data-id=\"e69b179\" data-element_type=\"widget\" data-widget_type=\"heading.default\">\n\t\t\t\t<div class=\"elementor-widget-container\">\n\t\t\t\t\t<h3 class=\"elementor-heading-title elementor-size-default\">Llame para Programar su Consulta o <br> Complete el Formulario a Continuaci\u00f3n<\/h3>\t\t\t\t<\/div>\n\t\t\t\t<\/div>\n\t\t\t\t<div class=\"elementor-element elementor-element-ec9380a elementor-widget elementor-widget-text-editor\" data-id=\"ec9380a\" data-element_type=\"widget\" data-widget_type=\"text-editor.default\">\n\t\t\t\t<div class=\"elementor-widget-container\">\n\t\t\t\t\t\t\t\t\t<h2><a href=\"tel:2136283856\">213.628.3856<\/a><\/h2>\n\t\t\t\t\t\t\t\t<\/div>\n\t\t\t\t<\/div>\n\t\t\t\t<div class=\"elementor-element elementor-element-6983f6c elementor-button-align-stretch elementor-widget elementor-widget-form\" data-id=\"6983f6c\" data-element_type=\"widget\" data-settings=\"{&quot;step_next_label&quot;:&quot;Siguiente&quot;,&quot;step_previous_label&quot;:&quot;Anterior&quot;,&quot;button_width&quot;:&quot;100&quot;,&quot;step_type&quot;:&quot;number_text&quot;,&quot;step_icon_shape&quot;:&quot;circle&quot;}\" data-widget_type=\"form.default\">\n\t\t\t\t<div class=\"elementor-widget-container\">\n\t\t\t\t\t\t\t<form class=\"elementor-form\" method=\"post\" name=\"Nuevo formulario\" aria-label=\"Nuevo formulario\">\n\t\t\t<input type=\"hidden\" name=\"post_id\" value=\"8124\"\/>\n\t\t\t<input type=\"hidden\" name=\"form_id\" value=\"6983f6c\"\/>\n\t\t\t<input type=\"hidden\" name=\"referer_title\" value=\"Abogado de Acuerdos de Indemnizaci\u00f3n en Los \u00c1ngeles | MSD Lawyers\" \/>\n\n\t\t\t\t\t\t\t<input type=\"hidden\" name=\"queried_id\" value=\"8124\"\/>\n\t\t\t\n\t\t\t<div class=\"elementor-form-fields-wrapper elementor-labels-\">\n\t\t\t\t\t\t\t\t<div class=\"elementor-field-type-text elementor-field-group elementor-column elementor-field-group-name elementor-col-100 elementor-field-required\">\n\t\t\t\t\t\t\t\t\t\t\t\t<label for=\"form-field-name\" class=\"elementor-field-label elementor-screen-only\">\n\t\t\t\t\t\t\t\tNombre\t\t\t\t\t\t\t<\/label>\n\t\t\t\t\t\t\t\t\t\t\t\t\t\t<input size=\"1\" type=\"text\" name=\"form_fields[name]\" id=\"form-field-name\" class=\"elementor-field elementor-size-sm  elementor-field-textual\" placeholder=\"Tu nombre\" required=\"required\">\n\t\t\t\t\t\t\t\t\t\t\t<\/div>\n\t\t\t\t\t\t\t\t<div class=\"elementor-field-type-tel elementor-field-group elementor-column elementor-field-group-field_cd8f9c8 elementor-col-100\">\n\t\t\t\t\t\t\t\t\t\t\t\t<label for=\"form-field-field_cd8f9c8\" class=\"elementor-field-label elementor-screen-only\">\n\t\t\t\t\t\t\t\tTel\t\t\t\t\t\t\t<\/label>\n\t\t\t\t\t\t\t\t<input size=\"1\" type=\"tel\" name=\"form_fields[field_cd8f9c8]\" id=\"form-field-field_cd8f9c8\" class=\"elementor-field elementor-size-sm  elementor-field-textual\" placeholder=\"Su Tel\u00e9fono\" pattern=\"[0-9()#&amp;+*-=.]+\" title=\"Solo se aceptan n\u00fameros y caracteres de tel\u00e9fono (#,-,*,etc).\">\n\n\t\t\t\t\t\t<\/div>\n\t\t\t\t\t\t\t\t<div class=\"elementor-field-type-email elementor-field-group elementor-column elementor-field-group-email elementor-col-100 elementor-field-required\">\n\t\t\t\t\t\t\t\t\t\t\t\t<label for=\"form-field-email\" class=\"elementor-field-label elementor-screen-only\">\n\t\t\t\t\t\t\t\tEnv\u00eda un correo electr\u00f3nico a\t\t\t\t\t\t\t<\/label>\n\t\t\t\t\t\t\t\t\t\t\t\t\t\t<input size=\"1\" type=\"email\" name=\"form_fields[email]\" id=\"form-field-email\" class=\"elementor-field elementor-size-sm  elementor-field-textual\" placeholder=\"Tu correo electr\u00f3nico\" required=\"required\">\n\t\t\t\t\t\t\t\t\t\t\t<\/div>\n\t\t\t\t\t\t\t\t<div class=\"elementor-field-type-textarea elementor-field-group elementor-column elementor-field-group-message elementor-col-100 elementor-field-required\">\n\t\t\t\t\t\t\t\t\t\t\t\t<label for=\"form-field-message\" class=\"elementor-field-label elementor-screen-only\">\n\t\t\t\t\t\t\t\tMensaje\t\t\t\t\t\t\t<\/label>\n\t\t\t\t\t\t<textarea class=\"elementor-field-textual elementor-field  elementor-size-sm\" name=\"form_fields[message]\" id=\"form-field-message\" rows=\"5\" placeholder=\"Cu\u00e9ntenos m\u00e1s \" required=\"required\"><\/textarea>\t\t\t\t<\/div>\n\t\t\t\t\t\t\t\t<div class=\"elementor-field-type-recaptcha_v3 elementor-field-group elementor-column elementor-field-group-field_7c3e16d elementor-col-100 recaptcha_v3-inline\">\n\t\t\t\t\t<div class=\"elementor-field\" id=\"form-field-field_7c3e16d\"><div class=\"elementor-g-recaptcha\" data-sitekey=\"6Lev73IpAAAAAJrqrBHrKzgXqFmUOqs4SwtngIsP\" data-type=\"v3\" data-action=\"Form\" data-badge=\"inline\" data-size=\"invisible\"><\/div><\/div>\t\t\t\t<\/div>\n\t\t\t\t\t\t\t\t<div class=\"elementor-field-group elementor-column elementor-field-type-submit elementor-col-100 e-form__buttons\">\n\t\t\t\t\t<button class=\"elementor-button elementor-size-sm elementor-animation-shrink\" type=\"submit\">\n\t\t\t\t\t\t<span class=\"elementor-button-content-wrapper\">\n\t\t\t\t\t\t\t\t\t\t\t\t\t\t\t\t\t\t\t\t\t\t<span class=\"elementor-button-text\">Reservar Mi Consulta<\/span>\n\t\t\t\t\t\t\t\t\t\t\t\t\t<\/span>\n\t\t\t\t\t<\/button>\n\t\t\t\t<\/div>\n\t\t\t<\/div>\n\t\t<\/form>\n\t\t\t\t\t\t<\/div>\n\t\t\t\t<\/div>\n\t\t\t\t\t<\/div>\n\t\t<\/div>\n\t\t\t\t\t<\/div>\n\t\t<\/section>\n\t\t\t\t<\/div>\n\t\t","protected":false},"excerpt":{"rendered":"<p>Acuerdos de Indemnizaci\u00f3n Acuerdos de Indemnizaci\u00f3n Cuando un empleado es despedido de su puesto, es posible que se le solicite firmar un acuerdo de indemnizaci\u00f3n. Un acuerdo de indemnizaci\u00f3n es un documento legal que establece los t\u00e9rminos de la separaci\u00f3n del empleado de la empresa. El acuerdo t\u00edpicamente incluir\u00e1 disposiciones tales como la liberaci\u00f3n de [&hellip;]<\/p>\n","protected":false},"author":1,"featured_media":0,"parent":0,"menu_order":0,"comment_status":"closed","ping_status":"closed","template":"","meta":{"_acf_changed":false,"footnotes":""},"class_list":["post-8124","page","type-page","status-publish","hentry"],"acf":[],"yoast_head":"<!-- This site is optimized with the Yoast SEO plugin v27.3 - https:\/\/yoast.com\/product\/yoast-seo-wordpress\/ -->\n<title>Abogado de Acuerdos de Indemnizaci\u00f3n en Los \u00c1ngeles | MSD Lawyers<\/title>\n<meta name=\"description\" content=\"Si se le ha solicitado firmar un acuerdo de indemnizaci\u00f3n en el estado de California, comun\u00edquese con nuestra oficina hoy para programar una consulta con uno de nuestros abogados experimentados. Podemos ayudar a garantizar que sus derechos est\u00e9n protegidos y que reciba una compensaci\u00f3n justa por cualquier reclamaci\u00f3n que pueda tener contra la empresa.\" \/>\n<meta name=\"robots\" content=\"index, follow, max-snippet:-1, max-image-preview:large, max-video-preview:-1\" \/>\n<link rel=\"canonical\" href=\"https:\/\/msdlawyers.com\/es\/severance-agreement-lawyer-los-angeles\/\" \/>\n<meta property=\"og:locale\" content=\"es_ES\" \/>\n<meta property=\"og:type\" content=\"article\" \/>\n<meta property=\"og:title\" content=\"Abogado de Acuerdos de Indemnizaci\u00f3n en Los \u00c1ngeles | MSD Lawyers\" \/>\n<meta property=\"og:description\" content=\"Si se le ha solicitado firmar un acuerdo de indemnizaci\u00f3n en el estado de California, comun\u00edquese con nuestra oficina hoy para programar una consulta con uno de nuestros abogados experimentados. Podemos ayudar a garantizar que sus derechos est\u00e9n protegidos y que reciba una compensaci\u00f3n justa por cualquier reclamaci\u00f3n que pueda tener contra la empresa.\" \/>\n<meta property=\"og:url\" content=\"https:\/\/msdlawyers.com\/es\/severance-agreement-lawyer-los-angeles\/\" \/>\n<meta property=\"og:site_name\" content=\"MSD Lawyers\" \/>\n<meta property=\"article:modified_time\" content=\"2025-03-07T06:13:55+00:00\" \/>\n<meta name=\"twitter:card\" content=\"summary_large_image\" \/>\n<meta name=\"twitter:label1\" content=\"Tiempo de lectura\" \/>\n\t<meta name=\"twitter:data1\" content=\"2 minutos\" \/>\n<script type=\"application\/ld+json\" class=\"yoast-schema-graph\">{\"@context\":\"https:\\\/\\\/schema.org\",\"@graph\":[{\"@type\":\"WebPage\",\"@id\":\"https:\\\/\\\/msdlawyers.com\\\/es\\\/severance-agreement-lawyer-los-angeles\\\/\",\"url\":\"https:\\\/\\\/msdlawyers.com\\\/es\\\/severance-agreement-lawyer-los-angeles\\\/\",\"name\":\"Abogado de Acuerdos de Indemnizaci\u00f3n en Los \u00c1ngeles | MSD Lawyers\",\"isPartOf\":{\"@id\":\"https:\\\/\\\/msdlawyers.com\\\/es\\\/#website\"},\"datePublished\":\"2022-07-18T22:00:22+00:00\",\"dateModified\":\"2025-03-07T06:13:55+00:00\",\"description\":\"Si se le ha solicitado firmar un acuerdo de indemnizaci\u00f3n en el estado de California, comun\u00edquese con nuestra oficina hoy para programar una consulta con uno de nuestros abogados experimentados. Podemos ayudar a garantizar que sus derechos est\u00e9n protegidos y que reciba una compensaci\u00f3n justa por cualquier reclamaci\u00f3n que pueda tener contra la empresa.\",\"breadcrumb\":{\"@id\":\"https:\\\/\\\/msdlawyers.com\\\/es\\\/severance-agreement-lawyer-los-angeles\\\/#breadcrumb\"},\"inLanguage\":\"es\",\"potentialAction\":[{\"@type\":\"ReadAction\",\"target\":[\"https:\\\/\\\/msdlawyers.com\\\/es\\\/severance-agreement-lawyer-los-angeles\\\/\"]}]},{\"@type\":\"BreadcrumbList\",\"@id\":\"https:\\\/\\\/msdlawyers.com\\\/es\\\/severance-agreement-lawyer-los-angeles\\\/#breadcrumb\",\"itemListElement\":[{\"@type\":\"ListItem\",\"position\":1,\"name\":\"Inicio\",\"item\":\"https:\\\/\\\/msdlawyers.com\\\/es\\\/\"},{\"@type\":\"ListItem\",\"position\":2,\"name\":\"Acuerdos de Indemnizaci\u00f3n\"}]},{\"@type\":\"WebSite\",\"@id\":\"https:\\\/\\\/msdlawyers.com\\\/es\\\/#website\",\"url\":\"https:\\\/\\\/msdlawyers.com\\\/es\\\/\",\"name\":\"MSD Lawyers\",\"description\":\"Experienced Representation for Businesses and Individuals\",\"publisher\":{\"@id\":\"https:\\\/\\\/msdlawyers.com\\\/es\\\/#organization\"},\"alternateName\":\"MSD Lawyers\",\"potentialAction\":[{\"@type\":\"SearchAction\",\"target\":{\"@type\":\"EntryPoint\",\"urlTemplate\":\"https:\\\/\\\/msdlawyers.com\\\/es\\\/?s={search_term_string}\"},\"query-input\":{\"@type\":\"PropertyValueSpecification\",\"valueRequired\":true,\"valueName\":\"search_term_string\"}}],\"inLanguage\":\"es\"},{\"@type\":\"Organization\",\"@id\":\"https:\\\/\\\/msdlawyers.com\\\/es\\\/#organization\",\"name\":\"Abogados MSD\",\"url\":\"https:\\\/\\\/msdlawyers.com\\\/es\\\/\",\"logo\":{\"@type\":\"ImageObject\",\"inLanguage\":\"es\",\"@id\":\"https:\\\/\\\/msdlawyers.com\\\/es\\\/#\\\/schema\\\/logo\\\/image\\\/\",\"url\":\"https:\\\/\\\/msdlawyers.com\\\/wp-content\\\/uploads\\\/2022\\\/10\\\/cropped-Mills-Sadat-Dowlat-LLP-icon.png\",\"contentUrl\":\"https:\\\/\\\/msdlawyers.com\\\/wp-content\\\/uploads\\\/2022\\\/10\\\/cropped-Mills-Sadat-Dowlat-LLP-icon.png\",\"width\":512,\"height\":512,\"caption\":\"Abogados MSD\"},\"image\":{\"@id\":\"https:\\\/\\\/msdlawyers.com\\\/es\\\/#\\\/schema\\\/logo\\\/image\\\/\"},\"sameAs\":[\"https:\\\/\\\/www.instagram.com\\\/msdlawyers\\\/\",\"https:\\\/\\\/www.linkedin.com\\\/company\\\/mills-sadat-dowlat\\\/about\\\/\",\"https:\\\/\\\/www.tiktok.com\\\/@msdlawyers\"]}]}<\/script>\n<!-- \/ Yoast SEO plugin. -->","yoast_head_json":{"title":"Abogado de Acuerdos de Indemnizaci\u00f3n en Los \u00c1ngeles | MSD Lawyers","description":"Si se le ha solicitado firmar un acuerdo de indemnizaci\u00f3n en el estado de California, comun\u00edquese con nuestra oficina hoy para programar una consulta con uno de nuestros abogados experimentados. Podemos ayudar a garantizar que sus derechos est\u00e9n protegidos y que reciba una compensaci\u00f3n justa por cualquier reclamaci\u00f3n que pueda tener contra la empresa.","robots":{"index":"index","follow":"follow","max-snippet":"max-snippet:-1","max-image-preview":"max-image-preview:large","max-video-preview":"max-video-preview:-1"},"canonical":"https:\/\/msdlawyers.com\/es\/severance-agreement-lawyer-los-angeles\/","og_locale":"es_ES","og_type":"article","og_title":"Abogado de Acuerdos de Indemnizaci\u00f3n en Los \u00c1ngeles | MSD Lawyers","og_description":"Si se le ha solicitado firmar un acuerdo de indemnizaci\u00f3n en el estado de California, comun\u00edquese con nuestra oficina hoy para programar una consulta con uno de nuestros abogados experimentados. Podemos ayudar a garantizar que sus derechos est\u00e9n protegidos y que reciba una compensaci\u00f3n justa por cualquier reclamaci\u00f3n que pueda tener contra la empresa.","og_url":"https:\/\/msdlawyers.com\/es\/severance-agreement-lawyer-los-angeles\/","og_site_name":"MSD Lawyers","article_modified_time":"2025-03-07T06:13:55+00:00","twitter_card":"summary_large_image","twitter_misc":{"Tiempo de lectura":"2 minutos"},"schema":{"@context":"https:\/\/schema.org","@graph":[{"@type":"WebPage","@id":"https:\/\/msdlawyers.com\/es\/severance-agreement-lawyer-los-angeles\/","url":"https:\/\/msdlawyers.com\/es\/severance-agreement-lawyer-los-angeles\/","name":"Abogado de Acuerdos de Indemnizaci\u00f3n en Los \u00c1ngeles | MSD Lawyers","isPartOf":{"@id":"https:\/\/msdlawyers.com\/es\/#website"},"datePublished":"2022-07-18T22:00:22+00:00","dateModified":"2025-03-07T06:13:55+00:00","description":"Si se le ha solicitado firmar un acuerdo de indemnizaci\u00f3n en el estado de California, comun\u00edquese con nuestra oficina hoy para programar una consulta con uno de nuestros abogados experimentados. Podemos ayudar a garantizar que sus derechos est\u00e9n protegidos y que reciba una compensaci\u00f3n justa por cualquier reclamaci\u00f3n que pueda tener contra la empresa.","breadcrumb":{"@id":"https:\/\/msdlawyers.com\/es\/severance-agreement-lawyer-los-angeles\/#breadcrumb"},"inLanguage":"es","potentialAction":[{"@type":"ReadAction","target":["https:\/\/msdlawyers.com\/es\/severance-agreement-lawyer-los-angeles\/"]}]},{"@type":"BreadcrumbList","@id":"https:\/\/msdlawyers.com\/es\/severance-agreement-lawyer-los-angeles\/#breadcrumb","itemListElement":[{"@type":"ListItem","position":1,"name":"Inicio","item":"https:\/\/msdlawyers.com\/es\/"},{"@type":"ListItem","position":2,"name":"Acuerdos de Indemnizaci\u00f3n"}]},{"@type":"WebSite","@id":"https:\/\/msdlawyers.com\/es\/#website","url":"https:\/\/msdlawyers.com\/es\/","name":"MSD Lawyers","description":"Experienced Representation for Businesses and Individuals","publisher":{"@id":"https:\/\/msdlawyers.com\/es\/#organization"},"alternateName":"MSD Lawyers","potentialAction":[{"@type":"SearchAction","target":{"@type":"EntryPoint","urlTemplate":"https:\/\/msdlawyers.com\/es\/?s={search_term_string}"},"query-input":{"@type":"PropertyValueSpecification","valueRequired":true,"valueName":"search_term_string"}}],"inLanguage":"es"},{"@type":"Organization","@id":"https:\/\/msdlawyers.com\/es\/#organization","name":"Abogados MSD","url":"https:\/\/msdlawyers.com\/es\/","logo":{"@type":"ImageObject","inLanguage":"es","@id":"https:\/\/msdlawyers.com\/es\/#\/schema\/logo\/image\/","url":"https:\/\/msdlawyers.com\/wp-content\/uploads\/2022\/10\/cropped-Mills-Sadat-Dowlat-LLP-icon.png","contentUrl":"https:\/\/msdlawyers.com\/wp-content\/uploads\/2022\/10\/cropped-Mills-Sadat-Dowlat-LLP-icon.png","width":512,"height":512,"caption":"Abogados MSD"},"image":{"@id":"https:\/\/msdlawyers.com\/es\/#\/schema\/logo\/image\/"},"sameAs":["https:\/\/www.instagram.com\/msdlawyers\/","https:\/\/www.linkedin.com\/company\/mills-sadat-dowlat\/about\/","https:\/\/www.tiktok.com\/@msdlawyers"]}]}},"_links":{"self":[{"href":"https:\/\/msdlawyers.com\/es\/wp-json\/wp\/v2\/pages\/8124","targetHints":{"allow":["GET"]}}],"collection":[{"href":"https:\/\/msdlawyers.com\/es\/wp-json\/wp\/v2\/pages"}],"about":[{"href":"https:\/\/msdlawyers.com\/es\/wp-json\/wp\/v2\/types\/page"}],"author":[{"embeddable":true,"href":"https:\/\/msdlawyers.com\/es\/wp-json\/wp\/v2\/users\/1"}],"replies":[{"embeddable":true,"href":"https:\/\/msdlawyers.com\/es\/wp-json\/wp\/v2\/comments?post=8124"}],"version-history":[{"count":3,"href":"https:\/\/msdlawyers.com\/es\/wp-json\/wp\/v2\/pages\/8124\/revisions"}],"predecessor-version":[{"id":9566,"href":"https:\/\/msdlawyers.com\/es\/wp-json\/wp\/v2\/pages\/8124\/revisions\/9566"}],"wp:attachment":[{"href":"https:\/\/msdlawyers.com\/es\/wp-json\/wp\/v2\/media?parent=8124"}],"curies":[{"name":"wp","href":"https:\/\/api.w.org\/{rel}","templated":true}]}}