{"id":8127,"date":"2022-10-05T16:23:08","date_gmt":"2022-10-05T23:23:08","guid":{"rendered":"https:\/\/msdlawyers.com\/terms-of-service\/"},"modified":"2025-03-06T22:15:30","modified_gmt":"2025-03-07T06:15:30","slug":"terms-of-service","status":"publish","type":"page","link":"https:\/\/msdlawyers.com\/es\/terms-of-service\/","title":{"rendered":"Condiciones del servicio"},"content":{"rendered":"\t\t<div data-elementor-type=\"wp-page\" data-elementor-id=\"8127\" class=\"elementor elementor-8127 elementor-1422\" data-elementor-post-type=\"page\">\n\t\t\t\t<div class=\"elementor-element elementor-element-c6d186e e-flex e-con-boxed e-con e-parent\" data-id=\"c6d186e\" data-element_type=\"container\">\n\t\t\t\t\t<div class=\"e-con-inner\">\n\t\t<div class=\"elementor-element elementor-element-a22b311 e-con-full e-flex e-con e-child\" data-id=\"a22b311\" data-element_type=\"container\">\n\t\t\t\t<div class=\"elementor-element elementor-element-ea7c4ba elementor-widget elementor-widget-heading\" data-id=\"ea7c4ba\" data-element_type=\"widget\" data-widget_type=\"heading.default\">\n\t\t\t\t<div class=\"elementor-widget-container\">\n\t\t\t\t\t<h2 class=\"elementor-heading-title elementor-size-default\">T\u00e9rminos de Servicio<\/h2>\t\t\t\t<\/div>\n\t\t\t\t<\/div>\n\t\t\t\t<div class=\"elementor-element elementor-element-f7dc632 elementor-widget elementor-widget-text-editor\" data-id=\"f7dc632\" data-element_type=\"widget\" data-widget_type=\"text-editor.default\">\n\t\t\t\t<div class=\"elementor-widget-container\">\n\t\t\t\t\t\t\t\t\t<p>Por favor, lea estos T\u00e9rminos de Uso cuidadosamente antes de usar este sitio.<\/p>\n<p>Este sitio es controlado y operado por MSD Lawyers (\u201cMSD\u201d). Al usar este sitio, usted manifiesta su acuerdo con estos T\u00e9rminos de Uso. Si no est\u00e1 de acuerdo con alguno de los siguientes T\u00e9rminos de Uso, por favor no utilice este sitio web. MSD se reserva el derecho, a su sola discreci\u00f3n, de modificar, alterar o actualizar estos T\u00e9rminos de Uso en cualquier momento publicando una revisi\u00f3n en este sitio, y usted acepta estar sujeto a tales modificaciones, alteraciones o actualizaciones desde el momento de dicha publicaci\u00f3n.   <\/p>\n<p><strong>Marcas Registradas, Derechos de Autor y Restricciones<\/strong><\/p>\n<p>Todo el material en este sitio, incluyendo, pero no limitado a texto, im\u00e1genes e ilustraciones, est\u00e1 protegido por derechos de autor y otros derechos de propiedad intelectual que son propiedad y est\u00e1n controlados por MSD o por otras partes que han licenciado su material a MSD. Adem\u00e1s de los derechos de MSD y sus licenciantes y proveedores en elementos individuales del contenido de este sitio, MSD posee un derecho de autor en la selecci\u00f3n, coordinaci\u00f3n, disposici\u00f3n y mejora de dicho contenido. Nada contenido en este sitio se interpretar\u00e1 como una concesi\u00f3n por implicaci\u00f3n, impedimento o de otro modo, de cualquier licencia o derecho a cualquier derecho de autor, patente, marca registrada u otro inter\u00e9s de propiedad de MSD o de cualquier tercero. Todas las marcas registradas utilizadas o mencionadas en este sitio web son propiedad de sus respectivos due\u00f1os. El material de www.msdlawyers.com o de cualquier sitio web propiedad, operado, licenciado o controlado por MSD no puede ser copiado, reproducido, republicado, cargado, publicado, transmitido o distribuido de ninguna manera. La modificaci\u00f3n de los materiales o el uso de los materiales para cualquier otro prop\u00f3sito es una violaci\u00f3n de los derechos de autor y otros derechos de propiedad. Para los prop\u00f3sitos de estos T\u00e9rminos de Uso, el uso de cualquier material en cualquier otro sitio web o entorno inform\u00e1tico en red est\u00e1 estrictamente prohibido.      <\/p>\n<p><strong>Sitios Vinculados<\/strong><\/p>\n<p>MSD, ya sea que est\u00e9 o no afiliado con sitios que puedan estar vinculados a este sitio, no es responsable del contenido (o de cualquier producto, servicio u otros materiales de terceros ofrecidos en relaci\u00f3n con los mismos) de dichos sitios vinculados. MSD Law LLP no respalda ning\u00fan sitio web de terceros que no est\u00e9 bajo el control u operaci\u00f3n de MSD. Los sitios vinculados son solo para su conveniencia y usted accede a ellos bajo su propio riesgo.  <\/p>\n<p><strong>Descargo de Responsabilidad<\/strong><\/p>\n<p>LOS MATERIALES EN EL SITIO WEB DE MSD SE PROPORCIONAN TAL COMO EST\u00c1N Y SEG\u00daN DISPONIBILIDAD Y SIN GARANT\u00cdAS DE NING\u00daN TIPO, YA SEAN EXPRESAS O IMPL\u00cdCITAS. EN LA MEDIDA M\u00c1XIMA PERMITIDA POR LA LEY APLICABLE, MSD RENUNCIA A TODAS LAS GARANT\u00cdAS, EXPRESAS O IMPL\u00cdCITAS, INCLUYENDO, PERO NO LIMITADO A, GARANT\u00cdAS IMPL\u00cdCITAS DE COMERCIABILIDAD, NO INFRACCI\u00d3N Y APTITUD PARA UN PROP\u00d3SITO PARTICULAR. <\/p>\n<p>MSD no garantiza que el sitio web o las funciones contenidas en los materiales del sitio ser\u00e1n ininterrumpidos o libres de errores, que los defectos ser\u00e1n corregidos, o que los materiales del sitio o el servidor que los hace disponibles est\u00e9n libres de virus u otros componentes da\u00f1inos. MSD no garantiza ni hace ninguna representaci\u00f3n con respecto al uso o los resultados del uso de los materiales en el sitio web de MSD en t\u00e9rminos de su correcci\u00f3n, exactitud, fiabilidad o de otro modo. Usted (y no MSD) asume el costo total de todos los servicios, reparaciones o correcciones necesarios como resultado de cualquiera de los asuntos anteriores. La ley aplicable puede no permitir la exclusi\u00f3n de garant\u00edas impl\u00edcitas, por lo que la exclusi\u00f3n anterior puede no aplicarse a usted.   <\/p>\n<p>La informaci\u00f3n en este sitio es solo para fines informativos y puede ser actualizada, monitoreada, enmendada o eliminada sin previo aviso. Busque el consejo de un abogado profesional antes de actuar o confiar en cualquier informaci\u00f3n en este sitio web. Cualquier informaci\u00f3n contenida en o vinculada a este sitio es meramente informativa y de ninguna manera constituye asesoramiento legal. Ninguna de la informaci\u00f3n contenida en este sitio est\u00e1 destinada a crear una relaci\u00f3n abogado-cliente.   <\/p>\n<p>El correo electr\u00f3nico se proporciona como una conveniencia para comunicarse con los abogados y el personal de MSD. El contacto por correo electr\u00f3nico no crea por s\u00ed solo una relaci\u00f3n abogado-cliente. <\/p>\n<p><strong>Limitaci\u00f3n de Responsabilidad<\/strong><\/p>\n<p>EN LA MEDIDA M\u00c1XIMA PERMITIDA POR LA LEY APLICABLE, MSD, SUS AFILIADOS, PROVEEDORES Y VENDEDORES, Y SUS RESPECTIVOS EMPLEADOS, DIRECTORES, AGENTES Y REPRESENTANTES NO SER\u00c1N RESPONSABLES DE NING\u00daN DA\u00d1O DIRECTO, INDIRECTO, INCIDENTAL, PUNITIVO, ESPECIAL Y\/O CONSECUENTE (INCLUYENDO, SIN LIMITACI\u00d3N, P\u00c9RDIDA DE BENEFICIOS, INGRESOS O DATOS) QUE SURJAN DE O EN CONEXI\u00d3N CON ESTE SITIO, EL USO DE ESTE SITIO O DATOS, MATERIALES O INFORMACI\u00d3N DISPONIBLE EN ESTE SITIO.<\/p>\n<p>NO OBSTANTE CUALQUIER DISPOSICI\u00d3N CONTRARIA EN ESTOS T\u00c9RMINOS DE USO, EN NING\u00daN CASO LA RESPONSABILIDAD M\u00c1XIMA DE MSD, SUS AFILIADOS, PROVEEDORES Y VENDEDORES, Y SUS RESPECTIVOS EMPLEADOS, DIRECTORES, AGENTES Y REPRESENTANTES QUE SURJA DE O EN CONEXI\u00d3N CON ESTE SITIO, EL USO DE ESTE SITIO O DATOS, MATERIALES O INFORMACI\u00d3N DISPONIBLE EN ESTE SITIO EXCEDER\u00c1 LOS CIEN D\u00d3LARES ($100).<\/p>\n<p>ALGUNAS JURISDICCIONES PUEDEN NO PERMITIR LA EXCLUSI\u00d3N O LIMITACI\u00d3N DE DA\u00d1OS INCIDENTALES O CONSECUENTES, POR LO QUE LAS EXCLUSIONES ANTERIORES SOLO SE APLICAR\u00c1N EN LA MEDIDA PERMITIDA POR LA LEY APLICABLE.<\/p>\n<p><strong>General<\/strong><\/p>\n<p>A menos que se especifique lo contrario, los materiales en el sitio web de MSD se proporcionan de forma gratuita y \u00fanicamente con fines informativos y promocionales en relaci\u00f3n con los servicios disponibles en los Estados Unidos, sus territorios, posesiones y protectorados. Este sitio es controlado y operado por MSD desde sus oficinas en el Estado de California, Estados Unidos de Am\u00e9rica. MSD no garantiza que los materiales en el sitio web de MSD sean apropiados o est\u00e9n disponibles para su uso en otras ubicaciones. Aquellos que elijan acceder a este sitio desde otras ubicaciones lo hacen por iniciativa propia y son responsables del cumplimiento de las leyes locales, si y en la medida en que las leyes locales sean aplicables.   <\/p>\n<p>Estos T\u00e9rminos de Uso se regir\u00e1n, interpretar\u00e1n y aplicar\u00e1n de acuerdo con las leyes del Estado de California, sin referencia a sus normas de elecci\u00f3n de ley. Cualquier acci\u00f3n que usted o cualquier tercero inicie en relaci\u00f3n con cualquier asunto relacionado con este sitio deber\u00e1 presentarse \u00fanicamente en los tribunales estatales o federales ubicados en el Condado de Los \u00c1ngeles, California, y usted consiente expresamente la jurisdicci\u00f3n de dichos tribunales, siempre que, sin embargo, usted reconozca expresamente que MSD es libre de elegir, a su entera discreci\u00f3n, la jurisdicci\u00f3n de su elecci\u00f3n al presentar cualquier acci\u00f3n en virtud del presente, y usted acepta que la jurisdicci\u00f3n ser\u00e1 apropiada en cualquiera de dichos tribunales. Si alguna disposici\u00f3n de estos T\u00e9rminos de Uso fuera ilegal, nula o por cualquier raz\u00f3n inaplicable, entonces esa disposici\u00f3n se considerar\u00e1 separable y no afectar\u00e1 la validez y aplicabilidad de las disposiciones restantes. Estos T\u00e9rminos de Uso constituyen el acuerdo completo entre las partes en relaci\u00f3n con los asuntos contenidos en el presente y no se modificar\u00e1n excepto por escrito, firmado por un representante autorizado de MSD, o seg\u00fan se publique de otra manera en este sitio por MSD.   <\/p>\n<p>Este sitio contiene encabezados de exclusi\u00f3n de marcos y encabezados de exclusi\u00f3n de robots, y usted acepta que no enmarcar\u00e1 p\u00e1ginas en este sitio ni utilizar\u00e1 ning\u00fan robot, ara\u00f1a, otro dispositivo autom\u00e1tico o proceso manual para monitorear, establecer enlaces profundos o copiar p\u00e1ginas web o informaci\u00f3n en este sitio sin el permiso previo por escrito de MSD Law LLP.<\/p>\n<p>Usted puede proporcionar un enlace a la p\u00e1gina web principal de este sitio desde otro sitio web (pero no a ninguna otra p\u00e1gina web de este sitio), siempre que dicho enlace se haga de buena fe, no cree la falsa apariencia de que este sitio est\u00e1 asociado o patrocina el sitio web que enlaza y no resulte en una carga excesiva para este sitio. MSD se reserva el derecho de revocar su consentimiento para cualquier enlace en cualquier momento a la sola discreci\u00f3n de MSD. <\/p>\n<p>Nada en este sitio constituye una oferta para vender o una solicitud para comprar valores.<\/p>\n<p>Ninguna falla o retraso por parte de MSD en el ejercicio de cualquier derecho en virtud del presente operar\u00e1 como una renuncia al mismo, ni ning\u00fan ejercicio parcial de cualquier derecho o poder en virtud del presente por parte de MSD impedir\u00e1 un ejercicio adicional. Estos T\u00e9rminos de Uso no pretenden ni crean ninguna relaci\u00f3n de agencia, sociedad, empresa conjunta, empleado-empleador o franquiciador-franquiciado. <\/p>\n\t\t\t\t\t\t\t\t<\/div>\n\t\t\t\t<\/div>\n\t\t\t\t<\/div>\n\t\t\t\t\t<\/div>\n\t\t\t\t<\/div>\n\t\t\t\t<\/div>\n\t\t","protected":false},"excerpt":{"rendered":"<p>T\u00e9rminos de Servicio Por favor, lea estos T\u00e9rminos de Uso cuidadosamente antes de usar este sitio. Este sitio es controlado y operado por MSD Lawyers (\u201cMSD\u201d). Al usar este sitio, usted manifiesta su acuerdo con estos T\u00e9rminos de Uso. Si no est\u00e1 de acuerdo con alguno de los siguientes T\u00e9rminos de Uso, por favor no [&hellip;]<\/p>\n","protected":false},"author":1,"featured_media":0,"parent":0,"menu_order":0,"comment_status":"closed","ping_status":"closed","template":"","meta":{"_acf_changed":false,"footnotes":""},"class_list":["post-8127","page","type-page","status-publish","hentry"],"acf":[],"yoast_head":"<!-- This site is optimized with the Yoast SEO plugin v27.3 - https:\/\/yoast.com\/product\/yoast-seo-wordpress\/ -->\n<title>Condiciones del servicio | MSD Lawyers<\/title>\n<meta name=\"robots\" content=\"index, follow, max-snippet:-1, max-image-preview:large, max-video-preview:-1\" \/>\n<link rel=\"canonical\" href=\"https:\/\/msdlawyers.com\/es\/terms-of-service\/\" \/>\n<meta property=\"og:locale\" content=\"es_ES\" \/>\n<meta property=\"og:type\" content=\"article\" \/>\n<meta property=\"og:title\" content=\"Condiciones del servicio | MSD Lawyers\" \/>\n<meta property=\"og:description\" content=\"T\u00e9rminos de Servicio Por favor, lea estos T\u00e9rminos de Uso cuidadosamente antes de usar este sitio. Este sitio es controlado y operado por MSD Lawyers (\u201cMSD\u201d). Al usar este sitio, usted manifiesta su acuerdo con estos T\u00e9rminos de Uso. Si no est\u00e1 de acuerdo con alguno de los siguientes T\u00e9rminos de Uso, por favor no [&hellip;]\" \/>\n<meta property=\"og:url\" content=\"https:\/\/msdlawyers.com\/es\/terms-of-service\/\" \/>\n<meta property=\"og:site_name\" content=\"MSD Lawyers\" \/>\n<meta property=\"article:modified_time\" content=\"2025-03-07T06:15:30+00:00\" \/>\n<meta name=\"twitter:card\" content=\"summary_large_image\" \/>\n<meta name=\"twitter:label1\" content=\"Tiempo de lectura\" \/>\n\t<meta name=\"twitter:data1\" content=\"7 minutos\" \/>\n<script type=\"application\/ld+json\" class=\"yoast-schema-graph\">{\"@context\":\"https:\\\/\\\/schema.org\",\"@graph\":[{\"@type\":\"WebPage\",\"@id\":\"https:\\\/\\\/msdlawyers.com\\\/es\\\/terms-of-service\\\/\",\"url\":\"https:\\\/\\\/msdlawyers.com\\\/es\\\/terms-of-service\\\/\",\"name\":\"Condiciones del servicio | MSD Lawyers\",\"isPartOf\":{\"@id\":\"https:\\\/\\\/msdlawyers.com\\\/es\\\/#website\"},\"datePublished\":\"2022-10-05T23:23:08+00:00\",\"dateModified\":\"2025-03-07T06:15:30+00:00\",\"breadcrumb\":{\"@id\":\"https:\\\/\\\/msdlawyers.com\\\/es\\\/terms-of-service\\\/#breadcrumb\"},\"inLanguage\":\"es\",\"potentialAction\":[{\"@type\":\"ReadAction\",\"target\":[\"https:\\\/\\\/msdlawyers.com\\\/es\\\/terms-of-service\\\/\"]}]},{\"@type\":\"BreadcrumbList\",\"@id\":\"https:\\\/\\\/msdlawyers.com\\\/es\\\/terms-of-service\\\/#breadcrumb\",\"itemListElement\":[{\"@type\":\"ListItem\",\"position\":1,\"name\":\"Inicio\",\"item\":\"https:\\\/\\\/msdlawyers.com\\\/es\\\/\"},{\"@type\":\"ListItem\",\"position\":2,\"name\":\"Condiciones del servicio\"}]},{\"@type\":\"WebSite\",\"@id\":\"https:\\\/\\\/msdlawyers.com\\\/es\\\/#website\",\"url\":\"https:\\\/\\\/msdlawyers.com\\\/es\\\/\",\"name\":\"MSD Lawyers\",\"description\":\"Experienced Representation for Businesses and Individuals\",\"publisher\":{\"@id\":\"https:\\\/\\\/msdlawyers.com\\\/es\\\/#organization\"},\"alternateName\":\"MSD Lawyers\",\"potentialAction\":[{\"@type\":\"SearchAction\",\"target\":{\"@type\":\"EntryPoint\",\"urlTemplate\":\"https:\\\/\\\/msdlawyers.com\\\/es\\\/?s={search_term_string}\"},\"query-input\":{\"@type\":\"PropertyValueSpecification\",\"valueRequired\":true,\"valueName\":\"search_term_string\"}}],\"inLanguage\":\"es\"},{\"@type\":\"Organization\",\"@id\":\"https:\\\/\\\/msdlawyers.com\\\/es\\\/#organization\",\"name\":\"Abogados MSD\",\"url\":\"https:\\\/\\\/msdlawyers.com\\\/es\\\/\",\"logo\":{\"@type\":\"ImageObject\",\"inLanguage\":\"es\",\"@id\":\"https:\\\/\\\/msdlawyers.com\\\/es\\\/#\\\/schema\\\/logo\\\/image\\\/\",\"url\":\"https:\\\/\\\/msdlawyers.com\\\/wp-content\\\/uploads\\\/2022\\\/10\\\/cropped-Mills-Sadat-Dowlat-LLP-icon.png\",\"contentUrl\":\"https:\\\/\\\/msdlawyers.com\\\/wp-content\\\/uploads\\\/2022\\\/10\\\/cropped-Mills-Sadat-Dowlat-LLP-icon.png\",\"width\":512,\"height\":512,\"caption\":\"Abogados MSD\"},\"image\":{\"@id\":\"https:\\\/\\\/msdlawyers.com\\\/es\\\/#\\\/schema\\\/logo\\\/image\\\/\"},\"sameAs\":[\"https:\\\/\\\/www.instagram.com\\\/msdlawyers\\\/\",\"https:\\\/\\\/www.linkedin.com\\\/company\\\/mills-sadat-dowlat\\\/about\\\/\",\"https:\\\/\\\/www.tiktok.com\\\/@msdlawyers\"]}]}<\/script>\n<!-- \/ Yoast SEO plugin. -->","yoast_head_json":{"title":"Condiciones del servicio | MSD Lawyers","robots":{"index":"index","follow":"follow","max-snippet":"max-snippet:-1","max-image-preview":"max-image-preview:large","max-video-preview":"max-video-preview:-1"},"canonical":"https:\/\/msdlawyers.com\/es\/terms-of-service\/","og_locale":"es_ES","og_type":"article","og_title":"Condiciones del servicio | MSD Lawyers","og_description":"T\u00e9rminos de Servicio Por favor, lea estos T\u00e9rminos de Uso cuidadosamente antes de usar este sitio. Este sitio es controlado y operado por MSD Lawyers (\u201cMSD\u201d). Al usar este sitio, usted manifiesta su acuerdo con estos T\u00e9rminos de Uso. Si no est\u00e1 de acuerdo con alguno de los siguientes T\u00e9rminos de Uso, por favor no [&hellip;]","og_url":"https:\/\/msdlawyers.com\/es\/terms-of-service\/","og_site_name":"MSD Lawyers","article_modified_time":"2025-03-07T06:15:30+00:00","twitter_card":"summary_large_image","twitter_misc":{"Tiempo de lectura":"7 minutos"},"schema":{"@context":"https:\/\/schema.org","@graph":[{"@type":"WebPage","@id":"https:\/\/msdlawyers.com\/es\/terms-of-service\/","url":"https:\/\/msdlawyers.com\/es\/terms-of-service\/","name":"Condiciones del servicio | MSD Lawyers","isPartOf":{"@id":"https:\/\/msdlawyers.com\/es\/#website"},"datePublished":"2022-10-05T23:23:08+00:00","dateModified":"2025-03-07T06:15:30+00:00","breadcrumb":{"@id":"https:\/\/msdlawyers.com\/es\/terms-of-service\/#breadcrumb"},"inLanguage":"es","potentialAction":[{"@type":"ReadAction","target":["https:\/\/msdlawyers.com\/es\/terms-of-service\/"]}]},{"@type":"BreadcrumbList","@id":"https:\/\/msdlawyers.com\/es\/terms-of-service\/#breadcrumb","itemListElement":[{"@type":"ListItem","position":1,"name":"Inicio","item":"https:\/\/msdlawyers.com\/es\/"},{"@type":"ListItem","position":2,"name":"Condiciones del servicio"}]},{"@type":"WebSite","@id":"https:\/\/msdlawyers.com\/es\/#website","url":"https:\/\/msdlawyers.com\/es\/","name":"MSD Lawyers","description":"Experienced Representation for Businesses and Individuals","publisher":{"@id":"https:\/\/msdlawyers.com\/es\/#organization"},"alternateName":"MSD Lawyers","potentialAction":[{"@type":"SearchAction","target":{"@type":"EntryPoint","urlTemplate":"https:\/\/msdlawyers.com\/es\/?s={search_term_string}"},"query-input":{"@type":"PropertyValueSpecification","valueRequired":true,"valueName":"search_term_string"}}],"inLanguage":"es"},{"@type":"Organization","@id":"https:\/\/msdlawyers.com\/es\/#organization","name":"Abogados MSD","url":"https:\/\/msdlawyers.com\/es\/","logo":{"@type":"ImageObject","inLanguage":"es","@id":"https:\/\/msdlawyers.com\/es\/#\/schema\/logo\/image\/","url":"https:\/\/msdlawyers.com\/wp-content\/uploads\/2022\/10\/cropped-Mills-Sadat-Dowlat-LLP-icon.png","contentUrl":"https:\/\/msdlawyers.com\/wp-content\/uploads\/2022\/10\/cropped-Mills-Sadat-Dowlat-LLP-icon.png","width":512,"height":512,"caption":"Abogados MSD"},"image":{"@id":"https:\/\/msdlawyers.com\/es\/#\/schema\/logo\/image\/"},"sameAs":["https:\/\/www.instagram.com\/msdlawyers\/","https:\/\/www.linkedin.com\/company\/mills-sadat-dowlat\/about\/","https:\/\/www.tiktok.com\/@msdlawyers"]}]}},"_links":{"self":[{"href":"https:\/\/msdlawyers.com\/es\/wp-json\/wp\/v2\/pages\/8127","targetHints":{"allow":["GET"]}}],"collection":[{"href":"https:\/\/msdlawyers.com\/es\/wp-json\/wp\/v2\/pages"}],"about":[{"href":"https:\/\/msdlawyers.com\/es\/wp-json\/wp\/v2\/types\/page"}],"author":[{"embeddable":true,"href":"https:\/\/msdlawyers.com\/es\/wp-json\/wp\/v2\/users\/1"}],"replies":[{"embeddable":true,"href":"https:\/\/msdlawyers.com\/es\/wp-json\/wp\/v2\/comments?post=8127"}],"version-history":[{"count":4,"href":"https:\/\/msdlawyers.com\/es\/wp-json\/wp\/v2\/pages\/8127\/revisions"}],"predecessor-version":[{"id":9569,"href":"https:\/\/msdlawyers.com\/es\/wp-json\/wp\/v2\/pages\/8127\/revisions\/9569"}],"wp:attachment":[{"href":"https:\/\/msdlawyers.com\/es\/wp-json\/wp\/v2\/media?parent=8127"}],"curies":[{"name":"wp","href":"https:\/\/api.w.org\/{rel}","templated":true}]}}