{"id":8324,"date":"2024-07-22T16:36:01","date_gmt":"2024-07-22T23:36:01","guid":{"rendered":"https:\/\/msdlawyers.com\/scholarship\/"},"modified":"2025-03-06T21:05:04","modified_gmt":"2025-03-07T05:05:04","slug":"beca","status":"publish","type":"page","link":"https:\/\/msdlawyers.com\/es\/beca\/","title":{"rendered":"Beca"},"content":{"rendered":"\t\t<div data-elementor-type=\"wp-page\" data-elementor-id=\"8324\" class=\"elementor elementor-8324 elementor-7073\" data-elementor-post-type=\"page\">\n\t\t\t\t<div class=\"elementor-element elementor-element-764a757 e-flex e-con-boxed e-con e-parent\" data-id=\"764a757\" data-element_type=\"container\" data-settings=\"{&quot;background_background&quot;:&quot;classic&quot;}\">\n\t\t\t\t\t<div class=\"e-con-inner\">\n\t\t\t\t<div class=\"elementor-element elementor-element-1c6f9fb elementor-widget elementor-widget-heading\" data-id=\"1c6f9fb\" data-element_type=\"widget\" data-widget_type=\"heading.default\">\n\t\t\t\t<div class=\"elementor-widget-container\">\n\t\t\t\t\t<h1 class=\"elementor-heading-title elementor-size-default\">beca <\/h1>\t\t\t\t<\/div>\n\t\t\t\t<\/div>\n\t\t\t\t<div class=\"elementor-element elementor-element-bd84b66 elementor-icon-list--layout-inline elementor-align-center elementor-list-item-link-full_width elementor-widget elementor-widget-icon-list\" data-id=\"bd84b66\" data-element_type=\"widget\" data-widget_type=\"icon-list.default\">\n\t\t\t\t<div class=\"elementor-widget-container\">\n\t\t\t\t\t\t\t<ul class=\"elementor-icon-list-items elementor-inline-items\">\n\t\t\t\t\t\t\t<li class=\"elementor-icon-list-item elementor-inline-item\">\n\t\t\t\t\t\t\t\t\t\t\t<a href=\"https:\/\/msdlawyers.com\/es\/\">\n\n\t\t\t\t\t\t\t\t\t\t\t<span class=\"elementor-icon-list-text\">Home<\/span>\n\t\t\t\t\t\t\t\t\t\t\t<\/a>\n\t\t\t\t\t\t\t\t\t<\/li>\n\t\t\t\t\t\t\t\t<li class=\"elementor-icon-list-item elementor-inline-item\">\n\t\t\t\t\t\t\t\t\t\t\t<span class=\"elementor-icon-list-icon\">\n\t\t\t\t\t\t\t<svg xmlns=\"http:\/\/www.w3.org\/2000\/svg\" xmlns:xlink=\"http:\/\/www.w3.org\/1999\/xlink\" width=\"800px\" height=\"800px\" viewBox=\"0 -6.5 36 36\" fill=\"#000000\" stroke=\"#000000\"><g id=\"SVGRepo_bgCarrier\" stroke-width=\"0\"><\/g><g id=\"SVGRepo_tracerCarrier\" stroke-linecap=\"round\" stroke-linejoin=\"round\"><\/g><g id=\"SVGRepo_iconCarrier\"><title>right-arrow<\/title><desc>Created with Sketch.<\/desc><g id=\"icons\" stroke=\"none\" stroke-width=\"1\" fill=\"none\" fill-rule=\"evenodd\"><g id=\"ui-gambling-website-lined-icnos-casinoshunter\" transform=\"translate(-212.000000, -159.000000)\" fill=\"#ffffff\" fill-rule=\"nonzero\"><g id=\"square-filled\" transform=\"translate(50.000000, 120.000000)\"><path d=\"M187.108012,39.2902857 L197.649804,49.7417043 L197.708994,49.7959169 C197.889141,49.9745543 197.986143,50.2044182 198,50.4382227 L198,50.5617773 C197.986143,50.7955818 197.889141,51.0254457 197.708994,51.2040831 L197.6571,51.2479803 L187.108012,61.7097143 C186.717694,62.0967619 186.084865,62.0967619 185.694547,61.7097143 C185.30423,61.3226668 185.30423,60.6951387 185.694547,60.3080911 L194.702666,51.3738496 L162.99947,51.3746291 C162.447478,51.3746291 162,50.9308997 162,50.3835318 C162,49.8361639 162.447478,49.3924345 162.99947,49.3924345 L194.46779,49.3916551 L185.694547,40.6919089 C185.30423,40.3048613 185.30423,39.6773332 185.694547,39.2902857 C186.084865,38.9032381 186.717694,38.9032381 187.108012,39.2902857 Z M197.115357,50.382693 L186.401279,61.0089027 L197.002151,50.5002046 L197.002252,50.4963719 L196.943142,50.442585 L196.882737,50.382693 L197.115357,50.382693 Z\" id=\"right-arrow\"> <\/path><\/g><\/g><\/g><\/g><\/svg>\t\t\t\t\t\t<\/span>\n\t\t\t\t\t\t\t\t\t\t<span class=\"elementor-icon-list-text\">Beca<\/span>\n\t\t\t\t\t\t\t\t\t<\/li>\n\t\t\t\t\t\t<\/ul>\n\t\t\t\t\t\t<\/div>\n\t\t\t\t<\/div>\n\t\t\t\t\t<\/div>\n\t\t\t\t<\/div>\n\t\t<div class=\"elementor-element elementor-element-5965bcd e-flex e-con-boxed e-con e-parent\" data-id=\"5965bcd\" data-element_type=\"container\">\n\t\t\t\t\t<div class=\"e-con-inner\">\n\t\t\t\t<div class=\"elementor-element elementor-element-d08886e elementor-widget elementor-widget-text-editor\" data-id=\"d08886e\" data-element_type=\"widget\" data-widget_type=\"text-editor.default\">\n\t\t\t\t<div class=\"elementor-widget-container\">\n\t\t\t\t\t\t\t\t\t<p><b>MSD Lawyers, LLP <\/b><span style=\"font-weight: 400;\">busca reconocer y recompensar a los estudiantes de derecho mientras persiguen sus carreras legales a trav\u00e9s de la educaci\u00f3n superior. Nuestra firma est\u00e1 comprometida a apoyar a la pr\u00f3xima generaci\u00f3n de profesionales a trav\u00e9s de nuestro programa de becas para alentar a los estudiantes a involucrarse plenamente en sus estudios y esforzarse por el crecimiento personal y el \u00e9xito, a pesar de la inversi\u00f3n financiera. <\/span><\/p>\n<p><span style=\"font-weight: 400;\">Un merecedor receptor del Premio de Beca MSD recibir\u00e1 $1,000 para su matr\u00edcula de la escuela de derecho.<\/span><\/p>\n<p><b>La beca ser\u00e1 otorgada a un estudiante de derecho actualmente inscrito que cumpla con los siguientes criterios:<\/b><\/p>\n<ul>\n<li style=\"font-weight: 400;\" aria-level=\"1\"><span style=\"font-weight: 400;\">El estudiante debe estar inscrito en la escuela de derecho para el a\u00f1o escolar 2024-25<\/span><\/li>\n<li style=\"font-weight: 400;\" aria-level=\"1\"><span style=\"font-weight: 400;\">El estudiante debe ser ciudadano estadounidense o residente permanente<\/span><\/li>\n<li style=\"font-weight: 400;\" aria-level=\"1\"><span style=\"font-weight: 400;\">El estudiante debe tener un promedio de calificaciones acumulado de 3.0 o superior<\/span><\/li>\n<\/ul>\n<p><b>Requisitos de la aplicaci\u00f3n:<\/b><\/p>\n<ul>\n<li style=\"font-weight: 400;\" aria-level=\"1\"><span style=\"font-weight: 400;\">Los estudiantes deben presentar un ensayo de 500-750 palabras sobre el tema: <\/span><i><span style=\"font-weight: 400;\">\u201c\u00bfDeber\u00edan existir l\u00edmites en la confidencialidad impuesta a las v\u00edctimas de acoso sexual en acuerdos de conciliaci\u00f3n negociados?\u201d<\/span><\/i><\/li>\n<li style=\"font-weight: 400;\" aria-level=\"1\"><span style=\"font-weight: 400;\">Los estudiantes deben enviar prueba de inscripci\u00f3n en el programa de la escuela de derecho (es decir, transcripci\u00f3n)<\/span><\/li>\n<\/ul>\n<p><b>Procedimiento de evaluaci\u00f3n y reconocimiento:<\/b><\/p>\n<ul>\n<li style=\"font-weight: 400;\" aria-level=\"1\"><span style=\"font-weight: 400;\">La evaluaci\u00f3n ser\u00e1 realizada por un panel de abogados de MSD Lawyers.<\/span><\/li>\n<li style=\"font-weight: 400;\" aria-level=\"1\"><span style=\"font-weight: 400;\">La evaluaci\u00f3n se basar\u00e1 en el cumplimiento de los criterios por parte del solicitante y su capacidad para expresar sus opiniones sobre el tema del ensayo de manera reflexiva, perspicaz y clara, con evidencia y an\u00e1lisis de apoyo.<\/span><\/li>\n<\/ul>\n<p><b>Procedimiento de premios y reconocimiento:<\/b><\/p>\n<ul>\n<li style=\"font-weight: 400;\" aria-level=\"1\"><span style=\"font-weight: 400;\">El Premio de Beca MSD es un premio monetario \u00fanico y debe ser utilizado \u00fanicamente para la matr\u00edcula de la escuela de derecho.<\/span><\/li>\n<li style=\"font-weight: 400;\" aria-level=\"1\"><span style=\"font-weight: 400;\">Una vez seleccionado el ganador, el premio ser\u00e1 entregado a la escuela del ganador para ser utilizado en la matr\u00edcula y los gastos escolares.<\/span><\/li>\n<li style=\"font-weight: 400;\" aria-level=\"1\"><span style=\"font-weight: 400;\">Si el ganador no puede asistir a la escuela de derecho por cualquier motivo, debe proporcionar documentaci\u00f3n que explique por qu\u00e9 no puede asistir, y el premio puede ser retenido hasta por 1 a\u00f1o hasta que el ganador pueda proporcionar prueba de inscripci\u00f3n.<\/span><\/li>\n<li style=\"font-weight: 400;\" aria-level=\"1\"><span style=\"font-weight: 400;\">Si un receptor no puede reclamar su premio dentro de 1 a\u00f1o, MSD Lawyers puede otorgarlo a otro candidato a su discreci\u00f3n.<\/span><\/li>\n<li style=\"font-weight: 400;\" aria-level=\"1\"><span style=\"font-weight: 400;\">Los candidatos que reciban una beca deben aceptar los t\u00e9rminos y condiciones del premio para recibir la beca.<\/span><\/li>\n<li style=\"font-weight: 400;\" aria-level=\"1\"><span style=\"font-weight: 400;\">Los solicitantes recibir\u00e1n un correo electr\u00f3nico verificando que han sido seleccionados para recibir este premio.<\/span><\/li>\n<li style=\"font-weight: 400;\" aria-level=\"1\"><span style=\"font-weight: 400;\">El ganador ser\u00e1 anunciado en las cuentas de redes sociales y\/o sitio web de MSD Lawyers.<\/span><\/li>\n<\/ul>\n<h3><b>Fecha l\u00edmite para aplicar:<\/b><\/h3>\n<p><span style=\"font-weight: 400;\">Por favor, env\u00ede su solicitud completa con la informaci\u00f3n requerida antes del 31 de diciembre de 2024<\/span><\/p>\n\t\t\t\t\t\t\t\t<\/div>\n\t\t\t\t<\/div>\n\t\t\t\t\t<\/div>\n\t\t\t\t<\/div>\n\t\t<div class=\"elementor-element elementor-element-1c3f7b0 e-con-full e-flex e-con e-parent\" data-id=\"1c3f7b0\" data-element_type=\"container\" data-settings=\"{&quot;background_background&quot;:&quot;classic&quot;}\">\n\t\t<div class=\"elementor-element elementor-element-45dfc16 e-flex e-con-boxed e-con e-child\" data-id=\"45dfc16\" data-element_type=\"container\">\n\t\t\t\t\t<div class=\"e-con-inner\">\n\t\t\t\t<div class=\"elementor-element elementor-element-3de50c8 elementor-widget elementor-widget-heading\" data-id=\"3de50c8\" data-element_type=\"widget\" data-widget_type=\"heading.default\">\n\t\t\t\t<div class=\"elementor-widget-container\">\n\t\t\t\t\t<h2 class=\"elementor-heading-title elementor-size-default\">env\u00ede su solicitud<\/h2>\t\t\t\t<\/div>\n\t\t\t\t<\/div>\n\t\t\t\t<div class=\"elementor-element elementor-element-a5ff7ff elementor-widget__width-inherit elementor-button-align-stretch elementor-widget elementor-widget-form\" data-id=\"a5ff7ff\" data-element_type=\"widget\" data-settings=\"{&quot;step_next_label&quot;:&quot;Siguiente&quot;,&quot;step_previous_label&quot;:&quot;Anterior&quot;,&quot;button_width&quot;:&quot;100&quot;,&quot;step_type&quot;:&quot;number_text&quot;,&quot;step_icon_shape&quot;:&quot;circle&quot;}\" data-widget_type=\"form.default\">\n\t\t\t\t<div class=\"elementor-widget-container\">\n\t\t\t\t\t\t\t<form class=\"elementor-form\" method=\"post\" name=\"Nuevo formulario\" aria-label=\"Nuevo formulario\">\n\t\t\t<input type=\"hidden\" name=\"post_id\" value=\"8324\"\/>\n\t\t\t<input type=\"hidden\" name=\"form_id\" value=\"a5ff7ff\"\/>\n\t\t\t<input type=\"hidden\" name=\"referer_title\" value=\"Beca | MSD Lawyers\" \/>\n\n\t\t\t\t\t\t\t<input type=\"hidden\" name=\"queried_id\" value=\"8324\"\/>\n\t\t\t\n\t\t\t<div class=\"elementor-form-fields-wrapper elementor-labels-above\">\n\t\t\t\t\t\t\t\t<div class=\"elementor-field-type-text elementor-field-group elementor-column elementor-field-group-name elementor-col-100 elementor-field-required elementor-mark-required\">\n\t\t\t\t\t\t\t\t\t\t\t\t<label for=\"form-field-name\" class=\"elementor-field-label\">\n\t\t\t\t\t\t\t\tNombre\t\t\t\t\t\t\t<\/label>\n\t\t\t\t\t\t\t\t\t\t\t\t\t\t<input size=\"1\" type=\"text\" name=\"form_fields[name]\" id=\"form-field-name\" class=\"elementor-field elementor-size-md  elementor-field-textual\" required=\"required\">\n\t\t\t\t\t\t\t\t\t\t\t<\/div>\n\t\t\t\t\t\t\t\t<div class=\"elementor-field-type-email elementor-field-group elementor-column elementor-field-group-email elementor-col-100 elementor-field-required elementor-mark-required\">\n\t\t\t\t\t\t\t\t\t\t\t\t<label for=\"form-field-email\" class=\"elementor-field-label\">\n\t\t\t\t\t\t\t\tEnv\u00eda un correo electr\u00f3nico a\t\t\t\t\t\t\t<\/label>\n\t\t\t\t\t\t\t\t\t\t\t\t\t\t<input size=\"1\" type=\"email\" name=\"form_fields[email]\" id=\"form-field-email\" class=\"elementor-field elementor-size-md  elementor-field-textual\" required=\"required\">\n\t\t\t\t\t\t\t\t\t\t\t<\/div>\n\t\t\t\t\t\t\t\t<div class=\"elementor-field-type-tel elementor-field-group elementor-column elementor-field-group-field_19d843a elementor-col-100 elementor-field-required elementor-mark-required\">\n\t\t\t\t\t\t\t\t\t\t\t\t<label for=\"form-field-field_19d843a\" class=\"elementor-field-label\">\n\t\t\t\t\t\t\t\tTel\u00e9fono\t\t\t\t\t\t\t<\/label>\n\t\t\t\t\t\t\t\t<input size=\"1\" type=\"tel\" name=\"form_fields[field_19d843a]\" id=\"form-field-field_19d843a\" class=\"elementor-field elementor-size-md  elementor-field-textual\" required=\"required\" pattern=\"[0-9()#&amp;+*-=.]+\" title=\"Solo se aceptan n\u00fameros y caracteres de tel\u00e9fono (#,-,*,etc).\">\n\n\t\t\t\t\t\t<\/div>\n\t\t\t\t\t\t\t\t<div class=\"elementor-field-type-textarea elementor-field-group elementor-column elementor-field-group-message elementor-col-100\">\n\t\t\t\t\t\t\t\t\t\t\t\t<label for=\"form-field-message\" class=\"elementor-field-label\">\n\t\t\t\t\t\t\t\tMensaje\t\t\t\t\t\t\t<\/label>\n\t\t\t\t\t\t<textarea class=\"elementor-field-textual elementor-field  elementor-size-md\" name=\"form_fields[message]\" id=\"form-field-message\" rows=\"3\"><\/textarea>\t\t\t\t<\/div>\n\t\t\t\t\t\t\t\t<div class=\"elementor-field-type-upload elementor-field-group elementor-column elementor-field-group-field_3ce91cb elementor-col-100 elementor-field-required elementor-mark-required\">\n\t\t\t\t\t\t\t\t\t\t\t\t<label for=\"form-field-field_3ce91cb\" class=\"elementor-field-label\">\n\t\t\t\t\t\t\t\tCargue sus documentos\t\t\t\t\t\t\t<\/label>\n\t\t\t\t\t\t\t\t<input type=\"file\" name=\"form_fields[field_3ce91cb][]\" id=\"form-field-field_3ce91cb\" class=\"elementor-field elementor-size-md  elementor-upload-field\" required=\"required\" multiple=\"multiple\" data-maxsize=\"20\" data-maxsize-message=\"Este archivo excede el tama\u00f1o m\u00e1ximo permitido.\">\n\n\t\t\t\t\t\t<\/div>\n\t\t\t\t\t\t\t\t<div class=\"elementor-field-group elementor-column elementor-field-type-submit elementor-col-100 e-form__buttons\">\n\t\t\t\t\t<button class=\"elementor-button elementor-size-sm\" type=\"submit\">\n\t\t\t\t\t\t<span class=\"elementor-button-content-wrapper\">\n\t\t\t\t\t\t\t\t\t\t\t\t\t\t\t\t\t\t\t\t\t\t<span class=\"elementor-button-text\">Env\u00eda<\/span>\n\t\t\t\t\t\t\t\t\t\t\t\t\t<\/span>\n\t\t\t\t\t<\/button>\n\t\t\t\t<\/div>\n\t\t\t<\/div>\n\t\t<\/form>\n\t\t\t\t\t\t<\/div>\n\t\t\t\t<\/div>\n\t\t\t\t\t<\/div>\n\t\t\t\t<\/div>\n\t\t<div class=\"elementor-element elementor-element-53b8ebe e-flex e-con-boxed e-con e-child\" data-id=\"53b8ebe\" data-element_type=\"container\">\n\t\t\t\t\t<div class=\"e-con-inner\">\n\t\t\t\t\t<\/div>\n\t\t\t\t<\/div>\n\t\t\t\t<\/div>\n\t\t\t\t<\/div>\n\t\t","protected":false},"excerpt":{"rendered":"<p>beca Home right-arrowCreated with Sketch. MSD Lawyers, LLP busca reconocer y recompensar a los estudiantes de derecho mientras persiguen sus carreras legales a trav\u00e9s de la educaci\u00f3n superior. Nuestra firma est\u00e1 comprometida a apoyar a la pr\u00f3xima generaci\u00f3n de profesionales a trav\u00e9s de nuestro programa de becas para alentar a los estudiantes a involucrarse plenamente [&hellip;]<\/p>\n","protected":false},"author":6,"featured_media":0,"parent":0,"menu_order":0,"comment_status":"closed","ping_status":"closed","template":"","meta":{"_acf_changed":false,"footnotes":""},"class_list":["post-8324","page","type-page","status-publish","hentry"],"acf":[],"yoast_head":"<!-- This site is optimized with the Yoast SEO plugin v27.2 - https:\/\/yoast.com\/product\/yoast-seo-wordpress\/ -->\n<title>Beca | MSD Lawyers<\/title>\n<meta name=\"description\" content=\"Solicite la Beca MSD Lawyers y obtenga $1,000 para su matr\u00edcula de la facultad de derecho. Abierta a estudiantes de derecho con un promedio de calificaciones de 3.0 o superior, la beca fomenta un an\u00e1lisis reflexivo sobre temas jur\u00eddicos, apoyando a la pr\u00f3xima generaci\u00f3n de profesionales del derecho.\" \/>\n<meta name=\"robots\" content=\"index, follow, max-snippet:-1, max-image-preview:large, max-video-preview:-1\" \/>\n<link rel=\"canonical\" href=\"https:\/\/msdlawyers.com\/es\/beca\/\" \/>\n<meta property=\"og:locale\" content=\"es_ES\" \/>\n<meta property=\"og:type\" content=\"article\" \/>\n<meta property=\"og:title\" content=\"Beca | MSD Lawyers\" \/>\n<meta property=\"og:description\" content=\"Solicite la Beca MSD Lawyers y obtenga $1,000 para su matr\u00edcula de la facultad de derecho. Abierta a estudiantes de derecho con un promedio de calificaciones de 3.0 o superior, la beca fomenta un an\u00e1lisis reflexivo sobre temas jur\u00eddicos, apoyando a la pr\u00f3xima generaci\u00f3n de profesionales del derecho.\" \/>\n<meta property=\"og:url\" content=\"https:\/\/msdlawyers.com\/es\/beca\/\" \/>\n<meta property=\"og:site_name\" content=\"MSD Lawyers\" \/>\n<meta property=\"article:modified_time\" content=\"2025-03-07T05:05:04+00:00\" \/>\n<meta name=\"twitter:card\" content=\"summary_large_image\" \/>\n<meta name=\"twitter:label1\" content=\"Tiempo de lectura\" \/>\n\t<meta name=\"twitter:data1\" content=\"3 minutos\" \/>\n<script type=\"application\/ld+json\" class=\"yoast-schema-graph\">{\"@context\":\"https:\/\/schema.org\",\"@graph\":[{\"@type\":\"WebPage\",\"@id\":\"https:\/\/msdlawyers.com\/es\/beca\/\",\"url\":\"https:\/\/msdlawyers.com\/es\/beca\/\",\"name\":\"Beca | MSD Lawyers\",\"isPartOf\":{\"@id\":\"https:\/\/msdlawyers.com\/es\/#website\"},\"datePublished\":\"2024-07-22T23:36:01+00:00\",\"dateModified\":\"2025-03-07T05:05:04+00:00\",\"description\":\"Solicite la Beca MSD Lawyers y obtenga $1,000 para su matr\u00edcula de la facultad de derecho. Abierta a estudiantes de derecho con un promedio de calificaciones de 3.0 o superior, la beca fomenta un an\u00e1lisis reflexivo sobre temas jur\u00eddicos, apoyando a la pr\u00f3xima generaci\u00f3n de profesionales del derecho.\",\"breadcrumb\":{\"@id\":\"https:\/\/msdlawyers.com\/es\/beca\/#breadcrumb\"},\"inLanguage\":\"es\",\"potentialAction\":[{\"@type\":\"ReadAction\",\"target\":[\"https:\/\/msdlawyers.com\/es\/beca\/\"]}]},{\"@type\":\"BreadcrumbList\",\"@id\":\"https:\/\/msdlawyers.com\/es\/beca\/#breadcrumb\",\"itemListElement\":[{\"@type\":\"ListItem\",\"position\":1,\"name\":\"Inicio\",\"item\":\"https:\/\/msdlawyers.com\/es\/\"},{\"@type\":\"ListItem\",\"position\":2,\"name\":\"Beca\"}]},{\"@type\":\"WebSite\",\"@id\":\"https:\/\/msdlawyers.com\/es\/#website\",\"url\":\"https:\/\/msdlawyers.com\/es\/\",\"name\":\"MSD Lawyers\",\"description\":\"Experienced Representation for Businesses and Individuals\",\"publisher\":{\"@id\":\"https:\/\/msdlawyers.com\/es\/#organization\"},\"alternateName\":\"MSD Lawyers\",\"potentialAction\":[{\"@type\":\"SearchAction\",\"target\":{\"@type\":\"EntryPoint\",\"urlTemplate\":\"https:\/\/msdlawyers.com\/es\/?s={search_term_string}\"},\"query-input\":{\"@type\":\"PropertyValueSpecification\",\"valueRequired\":true,\"valueName\":\"search_term_string\"}}],\"inLanguage\":\"es\"},{\"@type\":\"Organization\",\"@id\":\"https:\/\/msdlawyers.com\/es\/#organization\",\"name\":\"Abogados MSD\",\"url\":\"https:\/\/msdlawyers.com\/es\/\",\"logo\":{\"@type\":\"ImageObject\",\"inLanguage\":\"es\",\"@id\":\"https:\/\/msdlawyers.com\/es\/#\/schema\/logo\/image\/\",\"url\":\"https:\/\/msdlawyers.com\/wp-content\/uploads\/2022\/10\/cropped-Mills-Sadat-Dowlat-LLP-icon.png\",\"contentUrl\":\"https:\/\/msdlawyers.com\/wp-content\/uploads\/2022\/10\/cropped-Mills-Sadat-Dowlat-LLP-icon.png\",\"width\":512,\"height\":512,\"caption\":\"Abogados MSD\"},\"image\":{\"@id\":\"https:\/\/msdlawyers.com\/es\/#\/schema\/logo\/image\/\"},\"sameAs\":[\"https:\/\/www.instagram.com\/msdlawyers\/\",\"https:\/\/www.linkedin.com\/company\/mills-sadat-dowlat\/about\/\",\"https:\/\/www.tiktok.com\/@msdlawyers\"]}]}<\/script>\n<!-- \/ Yoast SEO plugin. -->","yoast_head_json":{"title":"Beca | MSD Lawyers","description":"Solicite la Beca MSD Lawyers y obtenga $1,000 para su matr\u00edcula de la facultad de derecho. Abierta a estudiantes de derecho con un promedio de calificaciones de 3.0 o superior, la beca fomenta un an\u00e1lisis reflexivo sobre temas jur\u00eddicos, apoyando a la pr\u00f3xima generaci\u00f3n de profesionales del derecho.","robots":{"index":"index","follow":"follow","max-snippet":"max-snippet:-1","max-image-preview":"max-image-preview:large","max-video-preview":"max-video-preview:-1"},"canonical":"https:\/\/msdlawyers.com\/es\/beca\/","og_locale":"es_ES","og_type":"article","og_title":"Beca | MSD Lawyers","og_description":"Solicite la Beca MSD Lawyers y obtenga $1,000 para su matr\u00edcula de la facultad de derecho. Abierta a estudiantes de derecho con un promedio de calificaciones de 3.0 o superior, la beca fomenta un an\u00e1lisis reflexivo sobre temas jur\u00eddicos, apoyando a la pr\u00f3xima generaci\u00f3n de profesionales del derecho.","og_url":"https:\/\/msdlawyers.com\/es\/beca\/","og_site_name":"MSD Lawyers","article_modified_time":"2025-03-07T05:05:04+00:00","twitter_card":"summary_large_image","twitter_misc":{"Tiempo de lectura":"3 minutos"},"schema":{"@context":"https:\/\/schema.org","@graph":[{"@type":"WebPage","@id":"https:\/\/msdlawyers.com\/es\/beca\/","url":"https:\/\/msdlawyers.com\/es\/beca\/","name":"Beca | MSD Lawyers","isPartOf":{"@id":"https:\/\/msdlawyers.com\/es\/#website"},"datePublished":"2024-07-22T23:36:01+00:00","dateModified":"2025-03-07T05:05:04+00:00","description":"Solicite la Beca MSD Lawyers y obtenga $1,000 para su matr\u00edcula de la facultad de derecho. Abierta a estudiantes de derecho con un promedio de calificaciones de 3.0 o superior, la beca fomenta un an\u00e1lisis reflexivo sobre temas jur\u00eddicos, apoyando a la pr\u00f3xima generaci\u00f3n de profesionales del derecho.","breadcrumb":{"@id":"https:\/\/msdlawyers.com\/es\/beca\/#breadcrumb"},"inLanguage":"es","potentialAction":[{"@type":"ReadAction","target":["https:\/\/msdlawyers.com\/es\/beca\/"]}]},{"@type":"BreadcrumbList","@id":"https:\/\/msdlawyers.com\/es\/beca\/#breadcrumb","itemListElement":[{"@type":"ListItem","position":1,"name":"Inicio","item":"https:\/\/msdlawyers.com\/es\/"},{"@type":"ListItem","position":2,"name":"Beca"}]},{"@type":"WebSite","@id":"https:\/\/msdlawyers.com\/es\/#website","url":"https:\/\/msdlawyers.com\/es\/","name":"MSD Lawyers","description":"Experienced Representation for Businesses and Individuals","publisher":{"@id":"https:\/\/msdlawyers.com\/es\/#organization"},"alternateName":"MSD Lawyers","potentialAction":[{"@type":"SearchAction","target":{"@type":"EntryPoint","urlTemplate":"https:\/\/msdlawyers.com\/es\/?s={search_term_string}"},"query-input":{"@type":"PropertyValueSpecification","valueRequired":true,"valueName":"search_term_string"}}],"inLanguage":"es"},{"@type":"Organization","@id":"https:\/\/msdlawyers.com\/es\/#organization","name":"Abogados MSD","url":"https:\/\/msdlawyers.com\/es\/","logo":{"@type":"ImageObject","inLanguage":"es","@id":"https:\/\/msdlawyers.com\/es\/#\/schema\/logo\/image\/","url":"https:\/\/msdlawyers.com\/wp-content\/uploads\/2022\/10\/cropped-Mills-Sadat-Dowlat-LLP-icon.png","contentUrl":"https:\/\/msdlawyers.com\/wp-content\/uploads\/2022\/10\/cropped-Mills-Sadat-Dowlat-LLP-icon.png","width":512,"height":512,"caption":"Abogados MSD"},"image":{"@id":"https:\/\/msdlawyers.com\/es\/#\/schema\/logo\/image\/"},"sameAs":["https:\/\/www.instagram.com\/msdlawyers\/","https:\/\/www.linkedin.com\/company\/mills-sadat-dowlat\/about\/","https:\/\/www.tiktok.com\/@msdlawyers"]}]}},"_links":{"self":[{"href":"https:\/\/msdlawyers.com\/es\/wp-json\/wp\/v2\/pages\/8324","targetHints":{"allow":["GET"]}}],"collection":[{"href":"https:\/\/msdlawyers.com\/es\/wp-json\/wp\/v2\/pages"}],"about":[{"href":"https:\/\/msdlawyers.com\/es\/wp-json\/wp\/v2\/types\/page"}],"author":[{"embeddable":true,"href":"https:\/\/msdlawyers.com\/es\/wp-json\/wp\/v2\/users\/6"}],"replies":[{"embeddable":true,"href":"https:\/\/msdlawyers.com\/es\/wp-json\/wp\/v2\/comments?post=8324"}],"version-history":[{"count":3,"href":"https:\/\/msdlawyers.com\/es\/wp-json\/wp\/v2\/pages\/8324\/revisions"}],"predecessor-version":[{"id":9515,"href":"https:\/\/msdlawyers.com\/es\/wp-json\/wp\/v2\/pages\/8324\/revisions\/9515"}],"wp:attachment":[{"href":"https:\/\/msdlawyers.com\/es\/wp-json\/wp\/v2\/media?parent=8324"}],"curies":[{"name":"wp","href":"https:\/\/api.w.org\/{rel}","templated":true}]}}